{"id":19151,"date":"2025-11-18T16:43:41","date_gmt":"2025-11-18T16:43:41","guid":{"rendered":"https:\/\/kaza-hogar.com\/costa-calma\/"},"modified":"2025-12-03T08:29:15","modified_gmt":"2025-12-03T08:29:15","slug":"costa-calma","status":"publish","type":"page","link":"https:\/\/kaza-hogar.com\/it\/costa-calma\/","title":{"rendered":"Costa calma"},"content":{"rendered":"\t\t<div data-elementor-type=\"wp-page\" data-elementor-id=\"19151\" class=\"elementor elementor-19151 elementor-18157\">\n\t\t\t\t\t\t<section class=\"elementor-section elementor-top-section elementor-element elementor-element-2b66205 elementor-section-height-min-height animated-slow elementor-section-boxed elementor-section-height-default elementor-section-items-middle elementor-invisible\" data-id=\"2b66205\" data-element_type=\"section\" data-e-type=\"section\" data-settings=\"{&quot;background_background&quot;:&quot;classic&quot;,&quot;animation&quot;:&quot;fadeIn&quot;,&quot;shape_divider_bottom&quot;:&quot;opacity-tilt&quot;}\">\n\t\t\t\t\t\t\t<div class=\"elementor-background-overlay\"><\/div>\n\t\t\t\t\t\t<div class=\"elementor-shape elementor-shape-bottom\" aria-hidden=\"true\" data-negative=\"false\">\n\t\t\t<svg xmlns=\"http:\/\/www.w3.org\/2000\/svg\" viewBox=\"0 0 2600 131.1\" preserveAspectRatio=\"none\">\n\t<path class=\"elementor-shape-fill\" d=\"M0 0L2600 0 2600 69.1 0 0z\"\/>\n\t<path class=\"elementor-shape-fill\" style=\"opacity:0.5\" d=\"M0 0L2600 0 2600 69.1 0 69.1z\"\/>\n\t<path class=\"elementor-shape-fill\" style=\"opacity:0.25\" d=\"M2600 0L0 0 0 130.1 2600 69.1z\"\/>\n<\/svg>\t\t<\/div>\n\t\t\t\t\t<div class=\"elementor-container elementor-column-gap-default\">\n\t\t\t\t\t<div class=\"elementor-column elementor-col-100 elementor-top-column elementor-element elementor-element-6af214b elementor-invisible\" data-id=\"6af214b\" data-element_type=\"column\" data-e-type=\"column\" data-settings=\"{&quot;animation&quot;:&quot;fadeInLeft&quot;}\">\n\t\t\t<div class=\"elementor-widget-wrap elementor-element-populated\">\n\t\t\t\t\t\t<div class=\"elementor-element elementor-element-ec9aebf elementor-widget elementor-widget-heading\" data-id=\"ec9aebf\" data-element_type=\"widget\" data-e-type=\"widget\" data-widget_type=\"heading.default\">\n\t\t\t\t\t<h1 class=\"elementor-heading-title elementor-size-default\">Costa calma<\/h1>\t\t\t\t<\/div>\n\t\t\t\t\t<\/div>\n\t\t<\/div>\n\t\t\t\t\t<\/div>\n\t\t<\/section>\n\t\t<div class=\"elementor-element elementor-element-822ffee e-flex e-con-boxed e-con e-parent\" data-id=\"822ffee\" data-element_type=\"container\" data-e-type=\"container\">\n\t\t\t\t\t<div class=\"e-con-inner\">\n\t\t\t\t<div class=\"elementor-element elementor-element-2cde278 elementor-widget elementor-widget-spacer\" data-id=\"2cde278\" data-element_type=\"widget\" data-e-type=\"widget\" data-widget_type=\"spacer.default\">\n\t\t\t\t\t\t\t<div class=\"elementor-spacer\">\n\t\t\t<div class=\"elementor-spacer-inner\"><\/div>\n\t\t<\/div>\n\t\t\t\t\t\t<\/div>\n\t\t<div class=\"elementor-element elementor-element-840f9a1 e-con-full e-grid e-con e-child\" data-id=\"840f9a1\" data-element_type=\"container\" data-e-type=\"container\">\n\t\t\t\t<div class=\"elementor-element elementor-element-5b20ecf elementor-invisible elementor-widget elementor-widget-text-editor\" data-id=\"5b20ecf\" data-element_type=\"widget\" data-e-type=\"widget\" data-settings=\"{&quot;_animation&quot;:&quot;fadeInLeft&quot;}\" data-widget_type=\"text-editor.default\">\n\t\t\t\t\t\t\t\t\t<p>Costa Calma si trova nel sud di Fuerteventura ed \u00e8 una delle destinazioni turistiche pi\u00f9 conosciute e amate dell&#8217;isola. Il suo nome dice tutto: un luogo di tranquillit\u00e0, clima mite e acque cristalline dell&#8217;Atlantico che invitano a rilassarsi e a godersi la vita in riva al mare.<\/p><p>Il resort si estende lungo una lunga striscia costiera di sabbia fine e dorata, parte degli oltre venti chilometri della costa di Sotavento. Le sue acque calme e poco profonde la rendono una destinazione ideale per famiglie, coppie e appassionati di sport acquatici. Windsurf e kitesurf sono particolarmente popolari qui, con competizioni internazionali che si tengono ogni anno.<\/p><p>Oltre alla sua bellezza naturale, Costa Calma offre un&#8217;eccellente infrastruttura turistica: hotel e appartamenti di qualit\u00e0, ristoranti che servono cucina locale e internazionale, supermercati, negozi e tutti i servizi necessari per un soggiorno confortevole e rilassante.<\/p><p>La sua posizione privilegiata consente un facile accesso ad altre aree del sud, come La Pared, Jand\u00eda e Morro Jable, nonch\u00e9 ai paesaggi desertici e ai sentieri di montagna dell&#8217;isola.<\/p><p>Con la sua atmosfera serena, un ambiente naturale protetto e la calda ospitalit\u00e0 della sua gente, Costa Calma incarna l&#8217;essenza dello stile di vita rilassato di Fuerteventura: un luogo dove il tempo sembra rallentare e l&#8217;oceano diventa il tuo migliore compagno.<\/p>\t\t\t\t\t\t\t\t<\/div>\n\t\t\t\t<div class=\"elementor-element elementor-element-5caa90b animated-slow elementor-invisible elementor-widget elementor-widget-image\" data-id=\"5caa90b\" data-element_type=\"widget\" data-e-type=\"widget\" data-settings=\"{&quot;_animation&quot;:&quot;fadeInUp&quot;,&quot;_animation_delay&quot;:500}\" data-widget_type=\"image.default\">\n\t\t\t\t\t\t\t\t\t\t\t\t\t\t\t<img fetchpriority=\"high\" decoding=\"async\" width=\"653\" height=\"1024\" src=\"https:\/\/kaza-hogar.com\/wp-content\/uploads\/2025\/11\/Costa-Calma.jpg\" class=\"attachment-large size-large wp-image-18905\" alt=\"\" srcset=\"\" \/>\t\t\t\t\t\t\t\t\t\t\t\t\t\t\t<\/div>\n\t\t\t\t<\/div>\n\t\t\t\t<div class=\"elementor-element elementor-element-a42f5e0 elementor-widget elementor-widget-spacer\" data-id=\"a42f5e0\" data-element_type=\"widget\" data-e-type=\"widget\" data-widget_type=\"spacer.default\">\n\t\t\t\t\t\t\t<div class=\"elementor-spacer\">\n\t\t\t<div class=\"elementor-spacer-inner\"><\/div>\n\t\t<\/div>\n\t\t\t\t\t\t<\/div>\n\t\t\t\t<div class=\"elementor-element elementor-element-e7ee057 elementor-invisible elementor-widget elementor-widget-heading\" data-id=\"e7ee057\" data-element_type=\"widget\" data-e-type=\"widget\" data-settings=\"{&quot;_animation&quot;:&quot;fadeInLeft&quot;}\" data-widget_type=\"heading.default\">\n\t\t\t\t\t<h4 class=\"elementor-heading-title elementor-size-default\">Scopri le nostre propriet\u00e0 a Costa Calma...<\/h4>\t\t\t\t<\/div>\n\t\t\t\t<div class=\"elementor-element elementor-element-52be042 elementor-widget elementor-widget-spacer\" data-id=\"52be042\" data-element_type=\"widget\" data-e-type=\"widget\" data-widget_type=\"spacer.default\">\n\t\t\t\t\t\t\t<div class=\"elementor-spacer\">\n\t\t\t<div class=\"elementor-spacer-inner\"><\/div>\n\t\t<\/div>\n\t\t\t\t\t\t<\/div>\n\t\t\t\t<div class=\"elementor-element elementor-element-f9e66a9 animated-slow elementor-invisible elementor-widget elementor-widget-houzez_elementor_property-card-v1\" data-id=\"f9e66a9\" data-element_type=\"widget\" data-e-type=\"widget\" data-settings=\"{&quot;_animation&quot;:&quot;fadeInUp&quot;}\" data-widget_type=\"houzez_elementor_property-card-v1.default\">\n\t\t\t\t<div class=\"elementor-widget-container\">\n\t\t\t\t\t    <div id=\"properties_module_section\" class=\"property-cards-module property-cards-module-v1 property-cards-module-col-3\">\n        <div id=\"module_properties\" class=\"listing-view grid-view row row-cols-1 row-cols-md-2 row-cols-lg-3 gy-4 gx-4\">\n            <div class=\"p-4 bg-white\">\n\t<p class=\"text-center my-4 fs-5\">Nessun annuncio trovato.<\/p>\n<\/div>        <\/div><!-- listing-view -->\n\n            <\/div><!-- property-grid-module -->\n    \t\t\t\t<\/div>\n\t\t\t\t<\/div>\n\t\t\t\t\t<\/div>\n\t\t\t\t<\/div>\n\t\t\t\t<\/div>\n\t\t","protected":false},"excerpt":{"rendered":"<p>Costa calma Costa Calma si trova nel sud di Fuerteventura ed \u00e8 una delle destinazioni turistiche pi\u00f9 conosciute e amate dell&#8217;isola. Il suo nome dice tutto: un luogo di tranquillit\u00e0, clima mite e acque cristalline dell&#8217;Atlantico che invitano a rilassarsi e a godersi la vita in riva al mare. Il resort si estende lungo una [&hellip;]<\/p>\n","protected":false},"author":1,"featured_media":0,"parent":0,"menu_order":0,"comment_status":"closed","ping_status":"closed","template":"template\/template-homepage.php","meta":{"_monsterinsights_skip_tracking":false,"_monsterinsights_sitenote_active":false,"_monsterinsights_sitenote_note":"","_monsterinsights_sitenote_category":0,"footnotes":""},"class_list":["post-19151","page","type-page","status-publish","hentry"],"aioseo_notices":[],"_links":{"self":[{"href":"https:\/\/kaza-hogar.com\/it\/wp-json\/wp\/v2\/pages\/19151","targetHints":{"allow":["GET"]}}],"collection":[{"href":"https:\/\/kaza-hogar.com\/it\/wp-json\/wp\/v2\/pages"}],"about":[{"href":"https:\/\/kaza-hogar.com\/it\/wp-json\/wp\/v2\/types\/page"}],"author":[{"embeddable":true,"href":"https:\/\/kaza-hogar.com\/it\/wp-json\/wp\/v2\/users\/1"}],"replies":[{"embeddable":true,"href":"https:\/\/kaza-hogar.com\/it\/wp-json\/wp\/v2\/comments?post=19151"}],"version-history":[{"count":4,"href":"https:\/\/kaza-hogar.com\/it\/wp-json\/wp\/v2\/pages\/19151\/revisions"}],"predecessor-version":[{"id":20280,"href":"https:\/\/kaza-hogar.com\/it\/wp-json\/wp\/v2\/pages\/19151\/revisions\/20280"}],"wp:attachment":[{"href":"https:\/\/kaza-hogar.com\/it\/wp-json\/wp\/v2\/media?parent=19151"}],"curies":[{"name":"wp","href":"https:\/\/api.w.org\/{rel}","templated":true}]}}