{"id":19154,"date":"2025-11-18T16:43:41","date_gmt":"2025-11-18T16:43:41","guid":{"rendered":"https:\/\/kaza-hogar.com\/costa-calma\/"},"modified":"2025-12-03T08:29:15","modified_gmt":"2025-12-03T08:29:15","slug":"costa-calma","status":"publish","type":"page","link":"https:\/\/kaza-hogar.com\/es\/costa-calma\/","title":{"rendered":"Costa Calma"},"content":{"rendered":"\t\t<div data-elementor-type=\"wp-page\" data-elementor-id=\"19154\" class=\"elementor elementor-19154 elementor-18157\">\n\t\t\t\t\t\t<section class=\"elementor-section elementor-top-section elementor-element elementor-element-2b66205 elementor-section-height-min-height animated-slow elementor-section-boxed elementor-section-height-default elementor-section-items-middle elementor-invisible\" data-id=\"2b66205\" data-element_type=\"section\" data-e-type=\"section\" data-settings=\"{&quot;background_background&quot;:&quot;classic&quot;,&quot;animation&quot;:&quot;fadeIn&quot;,&quot;shape_divider_bottom&quot;:&quot;opacity-tilt&quot;}\">\n\t\t\t\t\t\t\t<div class=\"elementor-background-overlay\"><\/div>\n\t\t\t\t\t\t<div class=\"elementor-shape elementor-shape-bottom\" aria-hidden=\"true\" data-negative=\"false\">\n\t\t\t<svg xmlns=\"http:\/\/www.w3.org\/2000\/svg\" viewBox=\"0 0 2600 131.1\" preserveAspectRatio=\"none\">\n\t<path class=\"elementor-shape-fill\" d=\"M0 0L2600 0 2600 69.1 0 0z\"\/>\n\t<path class=\"elementor-shape-fill\" style=\"opacity:0.5\" d=\"M0 0L2600 0 2600 69.1 0 69.1z\"\/>\n\t<path class=\"elementor-shape-fill\" style=\"opacity:0.25\" d=\"M2600 0L0 0 0 130.1 2600 69.1z\"\/>\n<\/svg>\t\t<\/div>\n\t\t\t\t\t<div class=\"elementor-container elementor-column-gap-default\">\n\t\t\t\t\t<div class=\"elementor-column elementor-col-100 elementor-top-column elementor-element elementor-element-6af214b elementor-invisible\" data-id=\"6af214b\" data-element_type=\"column\" data-e-type=\"column\" data-settings=\"{&quot;animation&quot;:&quot;fadeInLeft&quot;}\">\n\t\t\t<div class=\"elementor-widget-wrap elementor-element-populated\">\n\t\t\t\t\t\t<div class=\"elementor-element elementor-element-ec9aebf elementor-widget elementor-widget-heading\" data-id=\"ec9aebf\" data-element_type=\"widget\" data-e-type=\"widget\" data-widget_type=\"heading.default\">\n\t\t\t\t\t<h1 class=\"elementor-heading-title elementor-size-default\">Costa Calma<\/h1>\t\t\t\t<\/div>\n\t\t\t\t\t<\/div>\n\t\t<\/div>\n\t\t\t\t\t<\/div>\n\t\t<\/section>\n\t\t<div class=\"elementor-element elementor-element-822ffee e-flex e-con-boxed e-con e-parent\" data-id=\"822ffee\" data-element_type=\"container\" data-e-type=\"container\">\n\t\t\t\t\t<div class=\"e-con-inner\">\n\t\t\t\t<div class=\"elementor-element elementor-element-2cde278 elementor-widget elementor-widget-spacer\" data-id=\"2cde278\" data-element_type=\"widget\" data-e-type=\"widget\" data-widget_type=\"spacer.default\">\n\t\t\t\t\t\t\t<div class=\"elementor-spacer\">\n\t\t\t<div class=\"elementor-spacer-inner\"><\/div>\n\t\t<\/div>\n\t\t\t\t\t\t<\/div>\n\t\t<div class=\"elementor-element elementor-element-840f9a1 e-con-full e-grid e-con e-child\" data-id=\"840f9a1\" data-element_type=\"container\" data-e-type=\"container\">\n\t\t\t\t<div class=\"elementor-element elementor-element-5b20ecf elementor-invisible elementor-widget elementor-widget-text-editor\" data-id=\"5b20ecf\" data-element_type=\"widget\" data-e-type=\"widget\" data-settings=\"{&quot;_animation&quot;:&quot;fadeInLeft&quot;}\" data-widget_type=\"text-editor.default\">\n\t\t\t\t\t\t\t\t\t<p>Costa Calma se encuentra en el sur de Fuerteventura y es uno de los destinos tur\u00edsticos m\u00e1s conocidos y apreciados de la isla. Su nombre lo dice todo: un lugar de tranquilidad, clima suave y aguas cristalinas del Atl\u00e1ntico que invitan a relajarse y disfrutar de la vida junto al mar.<\/p><p>El complejo se extiende a lo largo de una extensa franja costera de fina arena dorada, que forma parte de los m\u00e1s de veinte kil\u00f3metros del litoral de Sotavento. Sus aguas tranquilas y poco profundas la convierten en un destino ideal para familias, parejas y amantes de los deportes acu\u00e1ticos. El windsurf y el kitesurf son especialmente populares aqu\u00ed, y cada a\u00f1o se celebran competiciones internacionales.<\/p><p>M\u00e1s all\u00e1 de su belleza natural, Costa Calma ofrece una excelente infraestructura tur\u00edstica: hoteles y apartamentos de calidad, restaurantes que sirven cocina local e internacional, supermercados, tiendas y todas las comodidades necesarias para una estancia confortable y relajante.<\/p><p>Su privilegiada ubicaci\u00f3n permite un f\u00e1cil acceso a otras zonas del sur, como La Pared, Jand\u00eda y Morro Jable, as\u00ed como a los paisajes des\u00e9rticos y las rutas de monta\u00f1a de la isla.<\/p><p>Con su atm\u00f3sfera serena, su entorno natural protegido y la c\u00e1lida hospitalidad de su gente, Costa Calma encarna la esencia del estilo de vida relajado de Fuerteventura: un lugar donde el tiempo parece ralentizarse y el oc\u00e9ano se convierte en su mejor compa\u00f1ero.<\/p>\t\t\t\t\t\t\t\t<\/div>\n\t\t\t\t<div class=\"elementor-element elementor-element-5caa90b animated-slow elementor-invisible elementor-widget elementor-widget-image\" data-id=\"5caa90b\" data-element_type=\"widget\" data-e-type=\"widget\" data-settings=\"{&quot;_animation&quot;:&quot;fadeInUp&quot;,&quot;_animation_delay&quot;:500}\" data-widget_type=\"image.default\">\n\t\t\t\t\t\t\t\t\t\t\t\t\t\t\t<img fetchpriority=\"high\" decoding=\"async\" width=\"653\" height=\"1024\" src=\"https:\/\/kaza-hogar.com\/wp-content\/uploads\/2025\/11\/Costa-Calma.jpg\" class=\"attachment-large size-large wp-image-18932\" alt=\"\" srcset=\"\" \/>\t\t\t\t\t\t\t\t\t\t\t\t\t\t\t<\/div>\n\t\t\t\t<\/div>\n\t\t\t\t<div class=\"elementor-element elementor-element-a42f5e0 elementor-widget elementor-widget-spacer\" data-id=\"a42f5e0\" data-element_type=\"widget\" data-e-type=\"widget\" data-widget_type=\"spacer.default\">\n\t\t\t\t\t\t\t<div class=\"elementor-spacer\">\n\t\t\t<div class=\"elementor-spacer-inner\"><\/div>\n\t\t<\/div>\n\t\t\t\t\t\t<\/div>\n\t\t\t\t<div class=\"elementor-element elementor-element-e7ee057 elementor-invisible elementor-widget elementor-widget-heading\" data-id=\"e7ee057\" data-element_type=\"widget\" data-e-type=\"widget\" data-settings=\"{&quot;_animation&quot;:&quot;fadeInLeft&quot;}\" data-widget_type=\"heading.default\">\n\t\t\t\t\t<h4 class=\"elementor-heading-title elementor-size-default\">Consulte nuestras propiedades en Costa Calma...<\/h4>\t\t\t\t<\/div>\n\t\t\t\t<div class=\"elementor-element elementor-element-52be042 elementor-widget elementor-widget-spacer\" data-id=\"52be042\" data-element_type=\"widget\" data-e-type=\"widget\" data-widget_type=\"spacer.default\">\n\t\t\t\t\t\t\t<div class=\"elementor-spacer\">\n\t\t\t<div class=\"elementor-spacer-inner\"><\/div>\n\t\t<\/div>\n\t\t\t\t\t\t<\/div>\n\t\t\t\t<div class=\"elementor-element elementor-element-f9e66a9 animated-slow elementor-invisible elementor-widget elementor-widget-houzez_elementor_property-card-v1\" data-id=\"f9e66a9\" data-element_type=\"widget\" data-e-type=\"widget\" data-settings=\"{&quot;_animation&quot;:&quot;fadeInUp&quot;}\" data-widget_type=\"houzez_elementor_property-card-v1.default\">\n\t\t\t\t<div class=\"elementor-widget-container\">\n\t\t\t\t\t    <div id=\"properties_module_section\" class=\"property-cards-module property-cards-module-v1 property-cards-module-col-3\">\n        <div id=\"module_properties\" class=\"listing-view grid-view row row-cols-1 row-cols-md-2 row-cols-lg-3 gy-4 gx-4\">\n            <div class=\"p-4 bg-white\">\n\t<p class=\"text-center my-4 fs-5\">No hemos encontrado ning\u00fan anuncio.<\/p>\n<\/div>        <\/div><!-- listing-view -->\n\n            <\/div><!-- property-grid-module -->\n    \t\t\t\t<\/div>\n\t\t\t\t<\/div>\n\t\t\t\t\t<\/div>\n\t\t\t\t<\/div>\n\t\t\t\t<\/div>\n\t\t","protected":false},"excerpt":{"rendered":"<p>Costa Calma Costa Calma se encuentra en el sur de Fuerteventura y es uno de los destinos tur\u00edsticos m\u00e1s conocidos y apreciados de la isla. Su nombre lo dice todo: un lugar de tranquilidad, clima suave y aguas cristalinas del Atl\u00e1ntico que invitan a relajarse y disfrutar de la vida junto al mar. El complejo [&hellip;]<\/p>\n","protected":false},"author":1,"featured_media":0,"parent":0,"menu_order":0,"comment_status":"closed","ping_status":"closed","template":"template\/template-homepage.php","meta":{"_monsterinsights_skip_tracking":false,"_monsterinsights_sitenote_active":false,"_monsterinsights_sitenote_note":"","_monsterinsights_sitenote_category":0,"footnotes":""},"class_list":["post-19154","page","type-page","status-publish","hentry"],"aioseo_notices":[],"_links":{"self":[{"href":"https:\/\/kaza-hogar.com\/es\/wp-json\/wp\/v2\/pages\/19154","targetHints":{"allow":["GET"]}}],"collection":[{"href":"https:\/\/kaza-hogar.com\/es\/wp-json\/wp\/v2\/pages"}],"about":[{"href":"https:\/\/kaza-hogar.com\/es\/wp-json\/wp\/v2\/types\/page"}],"author":[{"embeddable":true,"href":"https:\/\/kaza-hogar.com\/es\/wp-json\/wp\/v2\/users\/1"}],"replies":[{"embeddable":true,"href":"https:\/\/kaza-hogar.com\/es\/wp-json\/wp\/v2\/comments?post=19154"}],"version-history":[{"count":4,"href":"https:\/\/kaza-hogar.com\/es\/wp-json\/wp\/v2\/pages\/19154\/revisions"}],"predecessor-version":[{"id":20279,"href":"https:\/\/kaza-hogar.com\/es\/wp-json\/wp\/v2\/pages\/19154\/revisions\/20279"}],"wp:attachment":[{"href":"https:\/\/kaza-hogar.com\/es\/wp-json\/wp\/v2\/media?parent=19154"}],"curies":[{"name":"wp","href":"https:\/\/api.w.org\/{rel}","templated":true}]}}