{"id":19012,"date":"2025-11-18T16:56:01","date_gmt":"2025-11-18T16:56:01","guid":{"rendered":"https:\/\/kaza-hogar.com\/morro-jable\/"},"modified":"2025-11-24T17:50:20","modified_gmt":"2025-11-24T17:50:20","slug":"morro-jable","status":"publish","type":"page","link":"https:\/\/kaza-hogar.com\/es\/morro-jable\/","title":{"rendered":"Morro Jable"},"content":{"rendered":"\t\t<div data-elementor-type=\"wp-page\" data-elementor-id=\"19012\" class=\"elementor elementor-19012 elementor-18172\">\n\t\t\t\t\t\t<section class=\"elementor-section elementor-top-section elementor-element elementor-element-2b66205 elementor-section-height-min-height animated-slow elementor-section-boxed elementor-section-height-default elementor-section-items-middle elementor-invisible\" data-id=\"2b66205\" data-element_type=\"section\" data-e-type=\"section\" data-settings=\"{&quot;background_background&quot;:&quot;classic&quot;,&quot;animation&quot;:&quot;fadeIn&quot;,&quot;shape_divider_bottom&quot;:&quot;opacity-tilt&quot;}\">\n\t\t\t\t\t\t\t<div class=\"elementor-background-overlay\"><\/div>\n\t\t\t\t\t\t<div class=\"elementor-shape elementor-shape-bottom\" aria-hidden=\"true\" data-negative=\"false\">\n\t\t\t<svg xmlns=\"http:\/\/www.w3.org\/2000\/svg\" viewBox=\"0 0 2600 131.1\" preserveAspectRatio=\"none\">\n\t<path class=\"elementor-shape-fill\" d=\"M0 0L2600 0 2600 69.1 0 0z\"\/>\n\t<path class=\"elementor-shape-fill\" style=\"opacity:0.5\" d=\"M0 0L2600 0 2600 69.1 0 69.1z\"\/>\n\t<path class=\"elementor-shape-fill\" style=\"opacity:0.25\" d=\"M2600 0L0 0 0 130.1 2600 69.1z\"\/>\n<\/svg>\t\t<\/div>\n\t\t\t\t\t<div class=\"elementor-container elementor-column-gap-default\">\n\t\t\t\t\t<div class=\"elementor-column elementor-col-100 elementor-top-column elementor-element elementor-element-6af214b elementor-invisible\" data-id=\"6af214b\" data-element_type=\"column\" data-e-type=\"column\" data-settings=\"{&quot;animation&quot;:&quot;fadeInLeft&quot;}\">\n\t\t\t<div class=\"elementor-widget-wrap elementor-element-populated\">\n\t\t\t\t\t\t<div class=\"elementor-element elementor-element-ec9aebf elementor-widget elementor-widget-heading\" data-id=\"ec9aebf\" data-element_type=\"widget\" data-e-type=\"widget\" data-widget_type=\"heading.default\">\n\t\t\t\t\t<h1 class=\"elementor-heading-title elementor-size-default\">Morro Jable<\/h1>\t\t\t\t<\/div>\n\t\t\t\t\t<\/div>\n\t\t<\/div>\n\t\t\t\t\t<\/div>\n\t\t<\/section>\n\t\t<div class=\"elementor-element elementor-element-c79ef3b e-flex e-con-boxed e-con e-parent\" data-id=\"c79ef3b\" data-element_type=\"container\" data-e-type=\"container\">\n\t\t\t\t\t<div class=\"e-con-inner\">\n\t\t\t\t<div class=\"elementor-element elementor-element-b8e32ca elementor-widget elementor-widget-spacer\" data-id=\"b8e32ca\" data-element_type=\"widget\" data-e-type=\"widget\" data-widget_type=\"spacer.default\">\n\t\t\t\t\t\t\t<div class=\"elementor-spacer\">\n\t\t\t<div class=\"elementor-spacer-inner\"><\/div>\n\t\t<\/div>\n\t\t\t\t\t\t<\/div>\n\t\t<div class=\"elementor-element elementor-element-1352d00 e-con-full e-grid e-con e-child\" data-id=\"1352d00\" data-element_type=\"container\" data-e-type=\"container\">\n\t\t\t\t<div class=\"elementor-element elementor-element-eecc04a animated-slow elementor-invisible elementor-widget elementor-widget-text-editor\" data-id=\"eecc04a\" data-element_type=\"widget\" data-e-type=\"widget\" data-settings=\"{&quot;_animation&quot;:&quot;fadeInLeft&quot;}\" data-widget_type=\"text-editor.default\">\n\t\t\t\t\t\t\t\t\t<p>Morro Jable es el principal centro tur\u00edstico del sur de Fuerteventura y uno de los destinos m\u00e1s emblem\u00e1ticos de la isla. Situado en el municipio de P\u00e1jara, se extiende a lo largo de una impresionante costa de aguas turquesas e interminables playas de arena dorada.<\/p><p>Lo que hace especial a Morro Jable es su equilibrio perfecto entre el encanto del antiguo pueblo de pescadores y la vitalidad de un moderno centro tur\u00edstico. El casco antiguo conserva su aut\u00e9ntico ambiente mar\u00edtimo, con peque\u00f1os bares, restaurantes tradicionales y calles estrechas ideales para un paseo tranquilo al atardecer. En contraste, la zona nueva ofrece una amplia variedad de hoteles, tiendas, restaurantes internacionales y una animada vida nocturna junto al mar.<\/p><p>La playa de Morro Jable es una de las m\u00e1s largas y espectaculares de Fuerteventura, perfecta para nadar, dar largos paseos o disfrutar de deportes acu\u00e1ticos como el surf, el windsurf o el paddle surf. El paseo mar\u00edtimo conecta con la cercana Playa del Matorral, famosa por su faro y su espacio natural protegido, donde los visitantes suelen avistar especies de aves aut\u00f3ctonas.<\/p><p>Morro Jable es tambi\u00e9n el punto de partida de excursiones en barco por la costa occidental o a la vecina isla de Gran Canaria, y cuenta con un concurrido puerto pesquero y deportivo.<\/p><p>Con su ambiente cosmopolita, su clima c\u00e1lido durante todo el a\u00f1o y la amable hospitalidad de sus residentes, Morro Jable encarna la verdadera esencia del sur de Fuerteventura: un lugar donde la energ\u00eda del oc\u00e9ano se une a la calma de la vida isle\u00f1a, creando una experiencia inolvidable.<\/p>\t\t\t\t\t\t\t\t<\/div>\n\t\t\t\t<div class=\"elementor-element elementor-element-7513411 elementor-invisible elementor-widget elementor-widget-image\" data-id=\"7513411\" data-element_type=\"widget\" data-e-type=\"widget\" data-settings=\"{&quot;_animation&quot;:&quot;fadeInLeft&quot;,&quot;_animation_delay&quot;:200}\" data-widget_type=\"image.default\">\n\t\t\t\t\t\t\t\t\t\t\t\t\t\t\t<img fetchpriority=\"high\" decoding=\"async\" width=\"614\" height=\"780\" src=\"https:\/\/kaza-hogar.com\/wp-content\/uploads\/2025\/11\/drew-vernon-1ZAfeEROi68-unsplash-614x780.jpg\" class=\"attachment-houzez-top-v7 size-houzez-top-v7 wp-image-18934\" alt=\"\" srcset=\"\" \/>\t\t\t\t\t\t\t\t\t\t\t\t\t\t\t<\/div>\n\t\t\t\t<\/div>\n\t\t\t\t<div class=\"elementor-element elementor-element-41316db elementor-widget elementor-widget-spacer\" data-id=\"41316db\" data-element_type=\"widget\" data-e-type=\"widget\" data-widget_type=\"spacer.default\">\n\t\t\t\t\t\t\t<div class=\"elementor-spacer\">\n\t\t\t<div class=\"elementor-spacer-inner\"><\/div>\n\t\t<\/div>\n\t\t\t\t\t\t<\/div>\n\t\t\t\t<div class=\"elementor-element elementor-element-52277cc elementor-invisible elementor-widget elementor-widget-heading\" data-id=\"52277cc\" data-element_type=\"widget\" data-e-type=\"widget\" data-settings=\"{&quot;_animation&quot;:&quot;fadeInUp&quot;}\" data-widget_type=\"heading.default\">\n\t\t\t\t\t<h4 class=\"elementor-heading-title elementor-size-default\">Consulte nuestras propiedades en Morro Jable...<\/h4>\t\t\t\t<\/div>\n\t\t\t\t<div class=\"elementor-element elementor-element-ab0fe17 elementor-widget elementor-widget-spacer\" data-id=\"ab0fe17\" data-element_type=\"widget\" data-e-type=\"widget\" data-widget_type=\"spacer.default\">\n\t\t\t\t\t\t\t<div class=\"elementor-spacer\">\n\t\t\t<div class=\"elementor-spacer-inner\"><\/div>\n\t\t<\/div>\n\t\t\t\t\t\t<\/div>\n\t\t\t\t<div class=\"elementor-element elementor-element-c1d06e7 animated-slow elementor-invisible elementor-widget elementor-widget-houzez_elementor_property-card-v1\" data-id=\"c1d06e7\" data-element_type=\"widget\" data-e-type=\"widget\" data-settings=\"{&quot;_animation&quot;:&quot;fadeInUp&quot;}\" data-widget_type=\"houzez_elementor_property-card-v1.default\">\n\t\t\t\t<div class=\"elementor-widget-container\">\n\t\t\t\t\t    <div id=\"properties_module_section\" class=\"property-cards-module property-cards-module-v1 property-cards-module-col-3\">\n        <div id=\"module_properties\" class=\"listing-view grid-view row row-cols-1 row-cols-md-2 row-cols-lg-3 gy-4 gx-4\">\n            <div class=\"item-listing-wrap item-wrap-v1 hz-item-gallery-js hz-map-trigger\" data-hz-id=\"20944\" data-images=\"[{&quot;image&quot;:&quot;https:\\\/\\\/kaza-hogar.com\\\/wp-content\\\/uploads\\\/2025\\\/12\\\/61411-D-584x337.jpg&quot;,&quot;alt&quot;:&quot;&quot;,&quot;width&quot;:584,&quot;height&quot;:337,&quot;srcset&quot;:false,&quot;sizes&quot;:&quot;(max-width: 584px) 100vw, 584px&quot;},{&quot;image&quot;:&quot;https:\\\/\\\/kaza-hogar.com\\\/wp-content\\\/uploads\\\/2025\\\/12\\\/61411-D-584x337.jpg&quot;,&quot;alt&quot;:&quot;&quot;,&quot;width&quot;:584,&quot;height&quot;:337,&quot;srcset&quot;:false,&quot;sizes&quot;:&quot;(max-width: 584px) 100vw, 584px&quot;},{&quot;image&quot;:&quot;https:\\\/\\\/kaza-hogar.com\\\/wp-content\\\/uploads\\\/2025\\\/12\\\/61411-A-584x337.jpg&quot;,&quot;alt&quot;:&quot;&quot;,&quot;width&quot;:584,&quot;height&quot;:337,&quot;srcset&quot;:false,&quot;sizes&quot;:&quot;(max-width: 584px) 100vw, 584px&quot;},{&quot;image&quot;:&quot;https:\\\/\\\/kaza-hogar.com\\\/wp-content\\\/uploads\\\/2025\\\/12\\\/61411-B-584x337.jpg&quot;,&quot;alt&quot;:&quot;&quot;,&quot;width&quot;:584,&quot;height&quot;:337,&quot;srcset&quot;:false,&quot;sizes&quot;:&quot;(max-width: 584px) 100vw, 584px&quot;},{&quot;image&quot;:&quot;https:\\\/\\\/kaza-hogar.com\\\/wp-content\\\/uploads\\\/2025\\\/12\\\/61411-C-584x337.jpg&quot;,&quot;alt&quot;:&quot;&quot;,&quot;width&quot;:584,&quot;height&quot;:337,&quot;srcset&quot;:false,&quot;sizes&quot;:&quot;(max-width: 584px) 100vw, 584px&quot;},{&quot;image&quot;:&quot;https:\\\/\\\/kaza-hogar.com\\\/wp-content\\\/uploads\\\/2025\\\/12\\\/61411-E-584x337.jpg&quot;,&quot;alt&quot;:&quot;&quot;,&quot;width&quot;:584,&quot;height&quot;:337,&quot;srcset&quot;:false,&quot;sizes&quot;:&quot;(max-width: 584px) 100vw, 584px&quot;}]\">\n\t<div class=\"item-wrap item-wrap-no-frame h-100\">\n\t\t<div class=\"d-flex flex-column align-items-center h-100\">\n\t\t\t<div class=\"item-header\">\n\t\t\t\t\t\t\t\t<div class=\"labels-wrap d-flex align-items-center gap-1\" role=\"group\"> \n\n\t<a href=\"https:\/\/kaza-hogar.com\/es\/status\/en-venta\/\" class=\"label-status label status-color-163\">\n\t\t\t\t\tEn venta\n\t\t\t\t<\/a>       \n\n<\/div>\n\t\t\t\t<ul class=\"item-price-wrap d-flex flex-column gap-2\" role=\"list\">\n\t<li class=\"item-price\"><span class=\"price\">\u20ac1,056,000<\/span><span class=\"price-postfix\"><\/span><\/li><\/ul>\t\t\t\t<ul class=\"item-tools d-flex align-items-center justify-content-center gap-1\">\n        <li class=\"item-tool item-preview\">\n        <span class=\"hz-show-lightbox-js item-tool-preview text-center\" data-listid=\"20944\">\n            <span data-bs-toggle=\"tooltip\" data-bs-placement=\"top\" title=\"Preview\">\n                <i class=\"houzez-icon icon-expand-3\"><\/i>   \n            <\/span>\n        <\/span><!-- item-tool-favorite -->\n    <\/li><!-- item-tool -->\n        \n        <li class=\"item-tool item-favorite\">\n        <span class=\"add-favorite-js item-tool-favorite text-center\" data-bs-toggle=\"tooltip\" data-bs-placement=\"top\" title=\"Favourite\" data-listid=\"20944\">\n            <i class=\"houzez-icon icon-love-it \"><\/i>\n        <\/span><!-- item-tool-favorite -->\n    <\/li><!-- item-tool -->\n    \n        <li class=\"item-tool item-compare\">\n        <span class=\"houzez_compare compare-20944 item-tool-compare text-center\" data-bs-toggle=\"tooltip\" data-bs-placement=\"top\" title=\"Add to Compare\" data-listing_id=\"20944\" data-listing_image=\"https:\/\/kaza-hogar.com\/wp-content\/uploads\/2025\/12\/61411-D-584x337.jpg\">\n            <i class=\"houzez-icon icon-add-circle\"><\/i>\n            <!-- <i class=\"houzez-icon icon-subtract-circle\"><\/i> -->\n        <\/span><!-- item-tool-compare -->\n    <\/li><!-- item-tool -->\n    <\/ul><!-- item-tools -->\n\t\t\t\t<div class=\"listing-image-wrap\">\n\t<div class=\"listing-thumb\">\n\t\t<a target=\"_self\" href=\"https:\/\/kaza-hogar.com\/es\/property\/terreno-urbano-para-proyecto-residencial-en-morro-jable\/\" class=\"listing-featured-thumb hover-effect image-wrap\" role=\"link\">\n\t\t\t<img decoding=\"async\" width=\"584\" height=\"337\" src=\"https:\/\/kaza-hogar.com\/wp-content\/uploads\/2025\/12\/61411-D-584x337.jpg\" class=\"img-fluid wp-post-image\" alt=\"\" \/>\t\t<\/a><!-- hover-effect -->\n\t<\/div>\n<\/div>\t\t\t\t<div class=\"preview_loader\"><\/div>\n\t\t\t<\/div>\n\t\t\t<div class=\"item-body w-100 flex-grow-1\">\n\t\t\t\t<h2 class=\"item-title mb-2 \">\n\t<a target=\"_self\" href=\"https:\/\/kaza-hogar.com\/es\/property\/terreno-urbano-para-proyecto-residencial-en-morro-jable\/\" role=\"link\">Terreno urbano para proyecto residencial en Morro Jable<\/a>\n<\/h2><!-- item-title -->\t\t\t\t<address class=\"item-address mb-2\"><i class=\"houzez-icon icon-pin me-1\" aria-hidden=\"true\"><\/i><span>Morro Jable, P\u00e1jara, Las Palmas, Canarias, 35625, Espa\u00f1a<\/span><\/address>\t\t\t\t\t\t\t\t<ul class=\"item-amenities d-flex flex-wrap align-items-center gap-2 mb-2 item-amenities-with-icons\" role=\"list\">\n\t<li class=\"h-type d-flex w-100\" role=\"listitem\"><span>Terreno<\/span><\/li><\/ul>\t\t\t\t<a class=\"btn btn-primary btn-item d-md-none d-xl-flex item-no-footer\" target=\"_self\" href=\"https:\/\/kaza-hogar.com\/es\/property\/terreno-urbano-para-proyecto-residencial-en-morro-jable\/\">\n\tDetalles<\/a><!-- btn-item -->\n\t\t\t<\/div>\n\t\t\t\t\t<\/div>\n\t<\/div>\n<\/div>        <\/div><!-- listing-view -->\n\n            <\/div><!-- property-grid-module -->\n    \t\t\t\t<\/div>\n\t\t\t\t<\/div>\n\t\t\t\t\t<\/div>\n\t\t\t\t<\/div>\n\t\t\t\t<\/div>\n\t\t","protected":false},"excerpt":{"rendered":"<p>Morro Jable Morro Jable es el principal centro tur\u00edstico del sur de Fuerteventura y uno de los destinos m\u00e1s emblem\u00e1ticos de la isla. Situado en el municipio de P\u00e1jara, se extiende a lo largo de una impresionante costa de aguas turquesas e interminables playas de arena dorada. Lo que hace especial a Morro Jable es [&hellip;]<\/p>\n","protected":false},"author":1,"featured_media":0,"parent":0,"menu_order":0,"comment_status":"closed","ping_status":"closed","template":"template\/template-homepage.php","meta":{"_monsterinsights_skip_tracking":false,"_monsterinsights_sitenote_active":false,"_monsterinsights_sitenote_note":"","_monsterinsights_sitenote_category":0,"footnotes":""},"class_list":["post-19012","page","type-page","status-publish","hentry"],"aioseo_notices":[],"_links":{"self":[{"href":"https:\/\/kaza-hogar.com\/es\/wp-json\/wp\/v2\/pages\/19012","targetHints":{"allow":["GET"]}}],"collection":[{"href":"https:\/\/kaza-hogar.com\/es\/wp-json\/wp\/v2\/pages"}],"about":[{"href":"https:\/\/kaza-hogar.com\/es\/wp-json\/wp\/v2\/types\/page"}],"author":[{"embeddable":true,"href":"https:\/\/kaza-hogar.com\/es\/wp-json\/wp\/v2\/users\/1"}],"replies":[{"embeddable":true,"href":"https:\/\/kaza-hogar.com\/es\/wp-json\/wp\/v2\/comments?post=19012"}],"version-history":[{"count":1,"href":"https:\/\/kaza-hogar.com\/es\/wp-json\/wp\/v2\/pages\/19012\/revisions"}],"predecessor-version":[{"id":19013,"href":"https:\/\/kaza-hogar.com\/es\/wp-json\/wp\/v2\/pages\/19012\/revisions\/19013"}],"wp:attachment":[{"href":"https:\/\/kaza-hogar.com\/es\/wp-json\/wp\/v2\/media?parent=19012"}],"curies":[{"name":"wp","href":"https:\/\/api.w.org\/{rel}","templated":true}]}}