{"id":19203,"date":"2025-11-18T16:51:40","date_gmt":"2025-11-18T16:51:40","guid":{"rendered":"https:\/\/kaza-hogar.com\/villaverde\/"},"modified":"2025-11-25T08:54:01","modified_gmt":"2025-11-25T08:54:01","slug":"villaverde","status":"publish","type":"page","link":"https:\/\/kaza-hogar.com\/de\/villaverde\/","title":{"rendered":"Villaverde"},"content":{"rendered":"\t\t<div data-elementor-type=\"wp-page\" data-elementor-id=\"19203\" class=\"elementor elementor-19203 elementor-18166\">\n\t\t\t\t\t\t<section class=\"elementor-section elementor-top-section elementor-element elementor-element-2b66205 elementor-section-height-min-height animated-slow elementor-section-boxed elementor-section-height-default elementor-section-items-middle elementor-invisible\" data-id=\"2b66205\" data-element_type=\"section\" data-e-type=\"section\" data-settings=\"{&quot;background_background&quot;:&quot;classic&quot;,&quot;animation&quot;:&quot;fadeIn&quot;,&quot;shape_divider_bottom&quot;:&quot;opacity-tilt&quot;}\">\n\t\t\t\t\t\t\t<div class=\"elementor-background-overlay\"><\/div>\n\t\t\t\t\t\t<div class=\"elementor-shape elementor-shape-bottom\" aria-hidden=\"true\" data-negative=\"false\">\n\t\t\t<svg xmlns=\"http:\/\/www.w3.org\/2000\/svg\" viewBox=\"0 0 2600 131.1\" preserveAspectRatio=\"none\">\n\t<path class=\"elementor-shape-fill\" d=\"M0 0L2600 0 2600 69.1 0 0z\"\/>\n\t<path class=\"elementor-shape-fill\" style=\"opacity:0.5\" d=\"M0 0L2600 0 2600 69.1 0 69.1z\"\/>\n\t<path class=\"elementor-shape-fill\" style=\"opacity:0.25\" d=\"M2600 0L0 0 0 130.1 2600 69.1z\"\/>\n<\/svg>\t\t<\/div>\n\t\t\t\t\t<div class=\"elementor-container elementor-column-gap-default\">\n\t\t\t\t\t<div class=\"elementor-column elementor-col-100 elementor-top-column elementor-element elementor-element-6af214b elementor-invisible\" data-id=\"6af214b\" data-element_type=\"column\" data-e-type=\"column\" data-settings=\"{&quot;animation&quot;:&quot;fadeInLeft&quot;}\">\n\t\t\t<div class=\"elementor-widget-wrap elementor-element-populated\">\n\t\t\t\t\t\t<div class=\"elementor-element elementor-element-ec9aebf elementor-widget elementor-widget-heading\" data-id=\"ec9aebf\" data-element_type=\"widget\" data-e-type=\"widget\" data-widget_type=\"heading.default\">\n\t\t\t\t\t<h1 class=\"elementor-heading-title elementor-size-default\">Villaverde<\/h1>\t\t\t\t<\/div>\n\t\t\t\t\t<\/div>\n\t\t<\/div>\n\t\t\t\t\t<\/div>\n\t\t<\/section>\n\t\t<div class=\"elementor-element elementor-element-6c7eca8 e-flex e-con-boxed e-con e-parent\" data-id=\"6c7eca8\" data-element_type=\"container\" data-e-type=\"container\">\n\t\t\t\t\t<div class=\"e-con-inner\">\n\t\t\t\t<div class=\"elementor-element elementor-element-95c3789 elementor-widget elementor-widget-spacer\" data-id=\"95c3789\" data-element_type=\"widget\" data-e-type=\"widget\" data-widget_type=\"spacer.default\">\n\t\t\t\t\t\t\t<div class=\"elementor-spacer\">\n\t\t\t<div class=\"elementor-spacer-inner\"><\/div>\n\t\t<\/div>\n\t\t\t\t\t\t<\/div>\n\t\t<div class=\"elementor-element elementor-element-517c6fe e-con-full e-grid e-con e-child\" data-id=\"517c6fe\" data-element_type=\"container\" data-e-type=\"container\">\n\t\t\t\t<div class=\"elementor-element elementor-element-c0f4c34 animated-slow elementor-invisible elementor-widget elementor-widget-text-editor\" data-id=\"c0f4c34\" data-element_type=\"widget\" data-e-type=\"widget\" data-settings=\"{&quot;_animation&quot;:&quot;fadeInLeft&quot;}\" data-widget_type=\"text-editor.default\">\n\t\t\t\t\t\t\t\t\t<p>Villaverde ist ein charmantes Dorf im Norden Fuerteventuras, das zur Gemeinde La Oliva geh\u00f6rt. Umgeben von sanften Vulkanh\u00fcgeln und l\u00e4ndlichen Landschaften vereint es die Ruhe des Inselinneren mit der N\u00e4he zu den beliebtesten Touristengebieten wie Corralejo, El Cotillo und Lajares, die alle nur wenige Autominuten entfernt liegen.<\/p><p>Traditionell landwirtschaftlich gepr\u00e4gt, bewahrt Villaverde den authentischen Geist Fuerteventuras. Die typischen H\u00e4user im majorero-Stil, viele davon liebevoll restauriert, f\u00fcgen sich harmonisch in die Natur ein und vermitteln ein Gef\u00fchl von Ruhe und Gelassenheit, das den Charakter des Ortes bestimmt.<\/p><p>Das Dorf ist bekannt f\u00fcr seine hervorragende lokale K\u00fcche, mit mehreren Restaurants, die traditionelle Gerichte wie gegrilltes Fleisch, majorero-K\u00e4se und frische Produkte aus der Region anbieten. Au\u00dferdem gibt es kleine Gesch\u00e4fte, Caf\u00e9s und alle wichtigen Einrichtungen f\u00fcr den Alltag \u2013 stets in einer famili\u00e4ren und herzlichen Atmosph\u00e4re.<\/p><p>Dank seiner strategischen Lage ist Villaverde ein idealer Ausgangspunkt, um den Norden der Insel zu erkunden, Wanderungen zu unternehmen oder die Aussicht auf die Vulkane und den Ozean zu genie\u00dfen.<\/p><p>Villaverde ist die perfekte Verbindung von Natur, Authentizit\u00e4t und Komfort \u2013 ein Ort, an dem das Leben langsamer verl\u00e4uft und die Ruhe der Landschaft dazu einl\u00e4dt, jeden Moment zu genie\u00dfen.<\/p>\t\t\t\t\t\t\t\t<\/div>\n\t\t\t\t<div class=\"elementor-element elementor-element-8267f22 elementor-invisible elementor-widget elementor-widget-image\" data-id=\"8267f22\" data-element_type=\"widget\" data-e-type=\"widget\" data-settings=\"{&quot;_animation&quot;:&quot;fadeInRight&quot;,&quot;_animation_delay&quot;:400}\" data-widget_type=\"image.default\">\n\t\t\t\t\t\t\t\t\t\t\t\t\t\t\t<img fetchpriority=\"high\" decoding=\"async\" width=\"604\" height=\"780\" src=\"https:\/\/kaza-hogar.com\/wp-content\/uploads\/2025\/11\/juan-carlos-otero-4lNYOjmwGwU-unsplash-604x780.jpg\" class=\"attachment-houzez-top-v7 size-houzez-top-v7 wp-image-18922\" alt=\"\" srcset=\"\" \/>\t\t\t\t\t\t\t\t\t\t\t\t\t\t\t<\/div>\n\t\t\t\t<\/div>\n\t\t\t\t<div class=\"elementor-element elementor-element-28915ed elementor-widget elementor-widget-spacer\" data-id=\"28915ed\" data-element_type=\"widget\" data-e-type=\"widget\" data-widget_type=\"spacer.default\">\n\t\t\t\t\t\t\t<div class=\"elementor-spacer\">\n\t\t\t<div class=\"elementor-spacer-inner\"><\/div>\n\t\t<\/div>\n\t\t\t\t\t\t<\/div>\n\t\t\t\t<div class=\"elementor-element elementor-element-86192a5 elementor-invisible elementor-widget elementor-widget-heading\" data-id=\"86192a5\" data-element_type=\"widget\" data-e-type=\"widget\" data-settings=\"{&quot;_animation&quot;:&quot;fadeInLeft&quot;}\" data-widget_type=\"heading.default\">\n\t\t\t\t\t<h4 class=\"elementor-heading-title elementor-size-default\">Entdecken Sie unsere Immobilien in Villaverde ...<\/h4>\t\t\t\t<\/div>\n\t\t\t\t<div class=\"elementor-element elementor-element-7758e1b elementor-widget elementor-widget-spacer\" data-id=\"7758e1b\" data-element_type=\"widget\" data-e-type=\"widget\" data-widget_type=\"spacer.default\">\n\t\t\t\t\t\t\t<div class=\"elementor-spacer\">\n\t\t\t<div class=\"elementor-spacer-inner\"><\/div>\n\t\t<\/div>\n\t\t\t\t\t\t<\/div>\n\t\t\t\t<div class=\"elementor-element elementor-element-6fad2b3 animated-slow elementor-invisible elementor-widget elementor-widget-houzez_elementor_property-card-v1\" data-id=\"6fad2b3\" data-element_type=\"widget\" data-e-type=\"widget\" data-settings=\"{&quot;_animation&quot;:&quot;fadeInUp&quot;}\" data-widget_type=\"houzez_elementor_property-card-v1.default\">\n\t\t\t\t<div class=\"elementor-widget-container\">\n\t\t\t\t\t    <div id=\"properties_module_section\" class=\"property-cards-module property-cards-module-v1 property-cards-module-col-3\">\n        <div id=\"module_properties\" class=\"listing-view grid-view row row-cols-1 row-cols-md-2 row-cols-lg-3 gy-4 gx-4\">\n            <div class=\"item-listing-wrap item-wrap-v1 hz-item-gallery-js hz-map-trigger\" data-hz-id=\"19540\" data-images=\"[{&quot;image&quot;:&quot;https:\\\/\\\/kaza-hogar.com\\\/wp-content\\\/uploads\\\/2025\\\/11\\\/okr2sz8ys6_Costa-Lobos_C03-B-FACHADA_4K-584x438.webp&quot;,&quot;alt&quot;:&quot;&quot;,&quot;width&quot;:584,&quot;height&quot;:438,&quot;srcset&quot;:&quot;https:\\\/\\\/kaza-hogar.com\\\/wp-content\\\/uploads\\\/2025\\\/11\\\/okr2sz8ys6_Costa-Lobos_C03-B-FACHADA_4K-584x438.webp 584w, https:\\\/\\\/kaza-hogar.com\\\/wp-content\\\/uploads\\\/2025\\\/11\\\/okr2sz8ys6_Costa-Lobos_C03-B-FACHADA_4K.webp 960w&quot;,&quot;sizes&quot;:&quot;(max-width: 584px) 100vw, 584px&quot;},{&quot;image&quot;:&quot;https:\\\/\\\/kaza-hogar.com\\\/wp-content\\\/uploads\\\/2025\\\/11\\\/okr2sz8ys6_Costa-Lobos_C03-B-FACHADA_4K-584x438.webp&quot;,&quot;alt&quot;:&quot;&quot;,&quot;width&quot;:584,&quot;height&quot;:438,&quot;srcset&quot;:&quot;https:\\\/\\\/kaza-hogar.com\\\/wp-content\\\/uploads\\\/2025\\\/11\\\/okr2sz8ys6_Costa-Lobos_C03-B-FACHADA_4K-584x438.webp 584w, https:\\\/\\\/kaza-hogar.com\\\/wp-content\\\/uploads\\\/2025\\\/11\\\/okr2sz8ys6_Costa-Lobos_C03-B-FACHADA_4K.webp 960w&quot;,&quot;sizes&quot;:&quot;(max-width: 584px) 100vw, 584px&quot;},{&quot;image&quot;:&quot;https:\\\/\\\/kaza-hogar.com\\\/wp-content\\\/uploads\\\/2025\\\/11\\\/8rbpps2gzo8_Costa-Lobos_C03-FACHADA_4K-584x438.webp&quot;,&quot;alt&quot;:&quot;&quot;,&quot;width&quot;:584,&quot;height&quot;:438,&quot;srcset&quot;:&quot;https:\\\/\\\/kaza-hogar.com\\\/wp-content\\\/uploads\\\/2025\\\/11\\\/8rbpps2gzo8_Costa-Lobos_C03-FACHADA_4K-584x438.webp 584w, https:\\\/\\\/kaza-hogar.com\\\/wp-content\\\/uploads\\\/2025\\\/11\\\/8rbpps2gzo8_Costa-Lobos_C03-FACHADA_4K.webp 960w&quot;,&quot;sizes&quot;:&quot;(max-width: 584px) 100vw, 584px&quot;},{&quot;image&quot;:&quot;https:\\\/\\\/kaza-hogar.com\\\/wp-content\\\/uploads\\\/2025\\\/11\\\/fzzexm3qdbb_Costa-Lobos_C01-B-PISCINA_4K-584x438.webp&quot;,&quot;alt&quot;:&quot;&quot;,&quot;width&quot;:584,&quot;height&quot;:438,&quot;srcset&quot;:&quot;https:\\\/\\\/kaza-hogar.com\\\/wp-content\\\/uploads\\\/2025\\\/11\\\/fzzexm3qdbb_Costa-Lobos_C01-B-PISCINA_4K-584x438.webp 584w, https:\\\/\\\/kaza-hogar.com\\\/wp-content\\\/uploads\\\/2025\\\/11\\\/fzzexm3qdbb_Costa-Lobos_C01-B-PISCINA_4K.webp 960w&quot;,&quot;sizes&quot;:&quot;(max-width: 584px) 100vw, 584px&quot;},{&quot;image&quot;:&quot;https:\\\/\\\/kaza-hogar.com\\\/wp-content\\\/uploads\\\/2025\\\/11\\\/d2twpj283pl_AEREA_02-1-584x438.webp&quot;,&quot;alt&quot;:&quot;&quot;,&quot;width&quot;:584,&quot;height&quot;:438,&quot;srcset&quot;:&quot;https:\\\/\\\/kaza-hogar.com\\\/wp-content\\\/uploads\\\/2025\\\/11\\\/d2twpj283pl_AEREA_02-1-584x438.webp 584w, https:\\\/\\\/kaza-hogar.com\\\/wp-content\\\/uploads\\\/2025\\\/11\\\/d2twpj283pl_AEREA_02-1.webp 960w&quot;,&quot;sizes&quot;:&quot;(max-width: 584px) 100vw, 584px&quot;}]\">\n\t<div class=\"item-wrap item-wrap-no-frame h-100\">\n\t\t<div class=\"d-flex flex-column align-items-center h-100\">\n\t\t\t<div class=\"item-header\">\n\t\t\t\t<span class=\"label-featured label me-1\" role=\"status\">Empfohlen<\/span>\t\t\t\t<div class=\"labels-wrap d-flex align-items-center gap-1\" role=\"group\"> \n\n\t<a href=\"https:\/\/kaza-hogar.com\/de\/status\/zu-verkaufen\/\" class=\"label-status label status-color-151\">\n\t\t\t\t\tZu verkaufen\n\t\t\t\t<\/a>       \n\n<\/div>\n\t\t\t\t<ul class=\"item-price-wrap d-flex flex-column gap-2\" role=\"list\">\n\t<li class=\"item-price\"><span class=\"price\">\u20ac267,000<\/span><span class=\"price-postfix\"><\/span><\/li><\/ul>\t\t\t\t<ul class=\"item-tools d-flex align-items-center justify-content-center gap-1\">\n        <li class=\"item-tool item-preview\">\n        <span class=\"hz-show-lightbox-js item-tool-preview text-center\" data-listid=\"19540\">\n            <span data-bs-toggle=\"tooltip\" data-bs-placement=\"top\" title=\"Preview\">\n                <i class=\"houzez-icon icon-expand-3\"><\/i>   \n            <\/span>\n        <\/span><!-- item-tool-favorite -->\n    <\/li><!-- item-tool -->\n        \n        <li class=\"item-tool item-favorite\">\n        <span class=\"add-favorite-js item-tool-favorite text-center\" data-bs-toggle=\"tooltip\" data-bs-placement=\"top\" title=\"Favourite\" data-listid=\"19540\">\n            <i class=\"houzez-icon icon-love-it \"><\/i>\n        <\/span><!-- item-tool-favorite -->\n    <\/li><!-- item-tool -->\n    \n        <li class=\"item-tool item-compare\">\n        <span class=\"houzez_compare compare-19540 item-tool-compare text-center\" data-bs-toggle=\"tooltip\" data-bs-placement=\"top\" title=\"Add to Compare\" data-listing_id=\"19540\" data-listing_image=\"https:\/\/kaza-hogar.com\/wp-content\/uploads\/2025\/11\/okr2sz8ys6_Costa-Lobos_C03-B-FACHADA_4K-584x438.webp\">\n            <i class=\"houzez-icon icon-add-circle\"><\/i>\n            <!-- <i class=\"houzez-icon icon-subtract-circle\"><\/i> -->\n        <\/span><!-- item-tool-compare -->\n    <\/li><!-- item-tool -->\n    <\/ul><!-- item-tools -->\n\t\t\t\t<div class=\"listing-image-wrap\">\n\t<div class=\"listing-thumb\">\n\t\t<a target=\"_self\" href=\"https:\/\/kaza-hogar.com\/de\/property\/duplex-in-villaverde\/\" class=\"listing-featured-thumb hover-effect image-wrap\" role=\"link\">\n\t\t\t<img decoding=\"async\" width=\"584\" height=\"438\" src=\"https:\/\/kaza-hogar.com\/wp-content\/uploads\/2025\/11\/okr2sz8ys6_Costa-Lobos_C03-B-FACHADA_4K-584x438.webp\" class=\"img-fluid wp-post-image\" alt=\"\" srcset=\"https:\/\/kaza-hogar.com\/wp-content\/uploads\/2025\/11\/okr2sz8ys6_Costa-Lobos_C03-B-FACHADA_4K-584x438.webp 584w, https:\/\/kaza-hogar.com\/wp-content\/uploads\/2025\/11\/okr2sz8ys6_Costa-Lobos_C03-B-FACHADA_4K.webp 960w\" sizes=\"(max-width: 584px) 100vw, 584px\" \/>\t\t<\/a><!-- hover-effect -->\n\t<\/div>\n<\/div>\t\t\t\t<div class=\"preview_loader\"><\/div>\n\t\t\t<\/div>\n\t\t\t<div class=\"item-body w-100 flex-grow-1\">\n\t\t\t\t<h2 class=\"item-title mb-2 \">\n\t<a target=\"_self\" href=\"https:\/\/kaza-hogar.com\/de\/property\/duplex-in-villaverde\/\" role=\"link\">Duplex in Villaverde<\/a>\n<\/h2><!-- item-title -->\t\t\t\t<address class=\"item-address mb-2\"><i class=\"houzez-icon icon-pin me-1\" aria-hidden=\"true\"><\/i><span>Villaverde, La Oliva, Las Palmas, Canary Islands, 35640, Spain<\/span><\/address>\t\t\t\t\t\t\t\t<ul class=\"item-amenities d-flex flex-wrap align-items-center gap-2 mb-2 item-amenities-with-icons\" role=\"list\">\n\t<li class=\"h-beds d-flex align-items-center me-1\"><i class=\"houzez-icon icon-hotel-double-bed-1 me-2\"><\/i><span class=\"item-amenities-text\">Beds:<\/span> <span class=\"hz-figure\">2<\/span><\/li><li class=\"h-baths d-flex align-items-center me-1\"><i class=\"houzez-icon icon-bathroom-shower-1 me-2\"><\/i><span class=\"item-amenities-text\">Baths:<\/span> <span class=\"hz-figure\">2<\/span><\/li><li class=\"h-area d-flex align-items-center me-1\"><i class=\"houzez-icon icon-ruler-triangle me-2\"><\/i><span class=\"hz-figure me-1\">87<\/span> <span class=\"hz-figure area_postfix\">m\u00b2<\/span><\/li><li class=\"h-type d-flex w-100\" role=\"listitem\"><span>Duplex, Wohnanlage<\/span><\/li><\/ul>\t\t\t\t<a class=\"btn btn-primary btn-item d-md-none d-xl-flex item-no-footer\" target=\"_self\" href=\"https:\/\/kaza-hogar.com\/de\/property\/duplex-in-villaverde\/\">\n\tDetails<\/a><!-- btn-item -->\n\t\t\t<\/div>\n\t\t\t\t\t<\/div>\n\t<\/div>\n<\/div>        <\/div><!-- listing-view -->\n\n            <\/div><!-- property-grid-module -->\n    \t\t\t\t<\/div>\n\t\t\t\t<\/div>\n\t\t\t\t\t<\/div>\n\t\t\t\t<\/div>\n\t\t\t\t<\/div>\n\t\t","protected":false},"excerpt":{"rendered":"<p>Villaverde Villaverde ist ein charmantes Dorf im Norden Fuerteventuras, das zur Gemeinde La Oliva geh\u00f6rt. Umgeben von sanften Vulkanh\u00fcgeln und l\u00e4ndlichen Landschaften vereint es die Ruhe des Inselinneren mit der N\u00e4he zu den beliebtesten Touristengebieten wie Corralejo, El Cotillo und Lajares, die alle nur wenige Autominuten entfernt liegen. Traditionell landwirtschaftlich gepr\u00e4gt, bewahrt Villaverde den authentischen [&hellip;]<\/p>\n","protected":false},"author":1,"featured_media":0,"parent":0,"menu_order":0,"comment_status":"closed","ping_status":"closed","template":"template\/template-homepage.php","meta":{"_monsterinsights_skip_tracking":false,"_monsterinsights_sitenote_active":false,"_monsterinsights_sitenote_note":"","_monsterinsights_sitenote_category":0,"footnotes":""},"class_list":["post-19203","page","type-page","status-publish","hentry"],"aioseo_notices":[],"_links":{"self":[{"href":"https:\/\/kaza-hogar.com\/de\/wp-json\/wp\/v2\/pages\/19203","targetHints":{"allow":["GET"]}}],"collection":[{"href":"https:\/\/kaza-hogar.com\/de\/wp-json\/wp\/v2\/pages"}],"about":[{"href":"https:\/\/kaza-hogar.com\/de\/wp-json\/wp\/v2\/types\/page"}],"author":[{"embeddable":true,"href":"https:\/\/kaza-hogar.com\/de\/wp-json\/wp\/v2\/users\/1"}],"replies":[{"embeddable":true,"href":"https:\/\/kaza-hogar.com\/de\/wp-json\/wp\/v2\/comments?post=19203"}],"version-history":[{"count":1,"href":"https:\/\/kaza-hogar.com\/de\/wp-json\/wp\/v2\/pages\/19203\/revisions"}],"predecessor-version":[{"id":19204,"href":"https:\/\/kaza-hogar.com\/de\/wp-json\/wp\/v2\/pages\/19203\/revisions\/19204"}],"wp:attachment":[{"href":"https:\/\/kaza-hogar.com\/de\/wp-json\/wp\/v2\/media?parent=19203"}],"curies":[{"name":"wp","href":"https:\/\/api.w.org\/{rel}","templated":true}]}}