{"id":19194,"date":"2025-11-18T18:00:43","date_gmt":"2025-11-18T18:00:43","guid":{"rendered":"https:\/\/kaza-hogar.com\/puerto-del-rosario\/"},"modified":"2025-11-25T08:47:40","modified_gmt":"2025-11-25T08:47:40","slug":"puerto-del-rosario","status":"publish","type":"page","link":"https:\/\/kaza-hogar.com\/de\/puerto-del-rosario\/","title":{"rendered":"Puerto del Rosario"},"content":{"rendered":"\t\t<div data-elementor-type=\"wp-page\" data-elementor-id=\"19194\" class=\"elementor elementor-19194 elementor-18192\">\n\t\t\t\t\t\t<section class=\"elementor-section elementor-top-section elementor-element elementor-element-2b66205 elementor-section-height-min-height animated-slow elementor-section-boxed elementor-section-height-default elementor-section-items-middle elementor-invisible\" data-id=\"2b66205\" data-element_type=\"section\" data-e-type=\"section\" data-settings=\"{&quot;background_background&quot;:&quot;classic&quot;,&quot;animation&quot;:&quot;fadeIn&quot;,&quot;shape_divider_bottom&quot;:&quot;opacity-tilt&quot;}\">\n\t\t\t\t\t\t\t<div class=\"elementor-background-overlay\"><\/div>\n\t\t\t\t\t\t<div class=\"elementor-shape elementor-shape-bottom\" aria-hidden=\"true\" data-negative=\"false\">\n\t\t\t<svg xmlns=\"http:\/\/www.w3.org\/2000\/svg\" viewBox=\"0 0 2600 131.1\" preserveAspectRatio=\"none\">\n\t<path class=\"elementor-shape-fill\" d=\"M0 0L2600 0 2600 69.1 0 0z\"\/>\n\t<path class=\"elementor-shape-fill\" style=\"opacity:0.5\" d=\"M0 0L2600 0 2600 69.1 0 69.1z\"\/>\n\t<path class=\"elementor-shape-fill\" style=\"opacity:0.25\" d=\"M2600 0L0 0 0 130.1 2600 69.1z\"\/>\n<\/svg>\t\t<\/div>\n\t\t\t\t\t<div class=\"elementor-container elementor-column-gap-default\">\n\t\t\t\t\t<div class=\"elementor-column elementor-col-100 elementor-top-column elementor-element elementor-element-6af214b elementor-invisible\" data-id=\"6af214b\" data-element_type=\"column\" data-e-type=\"column\" data-settings=\"{&quot;animation&quot;:&quot;fadeInLeft&quot;}\">\n\t\t\t<div class=\"elementor-widget-wrap elementor-element-populated\">\n\t\t\t\t\t\t<div class=\"elementor-element elementor-element-ec9aebf elementor-widget elementor-widget-heading\" data-id=\"ec9aebf\" data-element_type=\"widget\" data-e-type=\"widget\" data-widget_type=\"heading.default\">\n\t\t\t\t\t<h1 class=\"elementor-heading-title elementor-size-default\">Puerto del Rosario<\/h1>\t\t\t\t<\/div>\n\t\t\t\t\t<\/div>\n\t\t<\/div>\n\t\t\t\t\t<\/div>\n\t\t<\/section>\n\t\t<div class=\"elementor-element elementor-element-25a26a3 e-flex e-con-boxed e-con e-parent\" data-id=\"25a26a3\" data-element_type=\"container\" data-e-type=\"container\">\n\t\t\t\t\t<div class=\"e-con-inner\">\n\t\t\t\t<div class=\"elementor-element elementor-element-ba47378 elementor-widget elementor-widget-spacer\" data-id=\"ba47378\" data-element_type=\"widget\" data-e-type=\"widget\" data-widget_type=\"spacer.default\">\n\t\t\t\t\t\t\t<div class=\"elementor-spacer\">\n\t\t\t<div class=\"elementor-spacer-inner\"><\/div>\n\t\t<\/div>\n\t\t\t\t\t\t<\/div>\n\t\t<div class=\"elementor-element elementor-element-8ecaf4b e-con-full e-grid e-con e-child\" data-id=\"8ecaf4b\" data-element_type=\"container\" data-e-type=\"container\">\n\t\t\t\t<div class=\"elementor-element elementor-element-11d979e elementor-invisible elementor-widget elementor-widget-text-editor\" data-id=\"11d979e\" data-element_type=\"widget\" data-e-type=\"widget\" data-settings=\"{&quot;_animation&quot;:&quot;fadeInUp&quot;}\" data-widget_type=\"text-editor.default\">\n\t\t\t\t\t\t\t\t\t<p>Puerto del Rosario ist die Hauptstadt Fuerteventuras und liegt an der Ostk\u00fcste der Insel.<br>Sie gilt als das wichtigste Handelszentrum, in dem sich die wichtigsten Inselverwaltungen, die Universit\u00e4t und die bedeutendsten Industriegebiete befinden.<\/p><p>Der Hafen empf\u00e4ngt die gro\u00dfen Kreuzfahrtschiffe, die auf der Insel anlegen, und kontrolliert gleichzeitig den Warenverkehr.<br>Die Hauptstadt bietet gro\u00dfz\u00fcgige Fu\u00dfg\u00e4ngerzonen mit offenen Einkaufsbereichen sowie ein modernes Einkaufszentrum mit vier Etagen, in dem Mode-, Technik- und Haushaltsgesch\u00e4fte zu finden sind.<\/p><p>Die Strandpromenade erstreckt sich entlang der gesamten K\u00fcstenlinie der Stadt und l\u00e4dt mit sch\u00f6nen Ecken zum Verweilen ein \u2013 etwa dem Stadtstrand im Zentrum oder dem Spaziergang durch die Altstadt bis zum Palacio de Formaci\u00f3n y Congresos, wo das ganze Jahr \u00fcber gastronomische, kulturelle und musikalische Veranstaltungen stattfinden.<\/p><p>Puerto del Rosario ist das wahre Herz Fuerteventuras.<br>Die Stadt ist gut mit den Touristengebieten im S\u00fcden \u2013 Gran Tarajal, Las Playitas, Costa Calma und Jand\u00eda \u2013 sowie mit dem Norden der Insel verbunden, wo sich die K\u00fcstenorte El Cotillo und Corralejo befinden. Von hier bestehen t\u00e4gliche F\u00e4hrverbindungen zur Nachbarinsel Lanzarote und zur kleinen Insel Lobos.<\/p>\t\t\t\t\t\t\t\t<\/div>\n\t\t\t\t<div class=\"elementor-element elementor-element-3484cf5 animated-slow elementor-invisible elementor-widget elementor-widget-image\" data-id=\"3484cf5\" data-element_type=\"widget\" data-e-type=\"widget\" data-settings=\"{&quot;_animation&quot;:&quot;fadeInLeft&quot;}\" data-widget_type=\"image.default\">\n\t\t\t\t\t\t\t\t\t\t\t\t\t\t\t<img fetchpriority=\"high\" decoding=\"async\" width=\"667\" height=\"1000\" src=\"https:\/\/kaza-hogar.com\/wp-content\/uploads\/2025\/11\/janosch-diggelmann-rUtar20WYbg-unsplash.jpg\" class=\"attachment-large size-large wp-image-18926\" alt=\"\" srcset=\"\" \/>\t\t\t\t\t\t\t\t\t\t\t\t\t\t\t<\/div>\n\t\t\t\t<\/div>\n\t\t\t\t<div class=\"elementor-element elementor-element-bbc8213 elementor-widget elementor-widget-spacer\" data-id=\"bbc8213\" data-element_type=\"widget\" data-e-type=\"widget\" data-widget_type=\"spacer.default\">\n\t\t\t\t\t\t\t<div class=\"elementor-spacer\">\n\t\t\t<div class=\"elementor-spacer-inner\"><\/div>\n\t\t<\/div>\n\t\t\t\t\t\t<\/div>\n\t\t\t\t<div class=\"elementor-element elementor-element-6d309dc elementor-invisible elementor-widget elementor-widget-heading\" data-id=\"6d309dc\" data-element_type=\"widget\" data-e-type=\"widget\" data-settings=\"{&quot;_animation&quot;:&quot;fadeInLeft&quot;}\" data-widget_type=\"heading.default\">\n\t\t\t\t\t<h4 class=\"elementor-heading-title elementor-size-default\">Sehen Sie sich unsere Immobilien in Puerto del Rosario an ...<\/h4>\t\t\t\t<\/div>\n\t\t\t\t<div class=\"elementor-element elementor-element-9a31129 elementor-widget elementor-widget-spacer\" data-id=\"9a31129\" data-element_type=\"widget\" data-e-type=\"widget\" data-widget_type=\"spacer.default\">\n\t\t\t\t\t\t\t<div class=\"elementor-spacer\">\n\t\t\t<div class=\"elementor-spacer-inner\"><\/div>\n\t\t<\/div>\n\t\t\t\t\t\t<\/div>\n\t\t\t\t<div class=\"elementor-element elementor-element-5033194 elementor-invisible elementor-widget elementor-widget-houzez_elementor_property-card-v1\" data-id=\"5033194\" data-element_type=\"widget\" data-e-type=\"widget\" data-settings=\"{&quot;_animation&quot;:&quot;fadeInUp&quot;}\" data-widget_type=\"houzez_elementor_property-card-v1.default\">\n\t\t\t\t<div class=\"elementor-widget-container\">\n\t\t\t\t\t    <div id=\"properties_module_section\" class=\"property-cards-module property-cards-module-v1 property-cards-module-col-3\">\n        <div id=\"module_properties\" class=\"listing-view grid-view row row-cols-1 row-cols-md-2 row-cols-lg-3 gy-4 gx-4\">\n            <div class=\"item-listing-wrap item-wrap-v1 hz-item-gallery-js hz-map-trigger\" data-hz-id=\"23379\" data-images=\"[{&quot;image&quot;:&quot;https:\\\/\\\/kaza-hogar.com\\\/wp-content\\\/uploads\\\/2026\\\/03\\\/Foto-12-03-26-11-14-51-584x438.jpg&quot;,&quot;alt&quot;:&quot;&quot;,&quot;width&quot;:584,&quot;height&quot;:438,&quot;srcset&quot;:&quot;https:\\\/\\\/kaza-hogar.com\\\/wp-content\\\/uploads\\\/2026\\\/03\\\/Foto-12-03-26-11-14-51-584x438.jpg 584w, https:\\\/\\\/kaza-hogar.com\\\/wp-content\\\/uploads\\\/2026\\\/03\\\/Foto-12-03-26-11-14-51.jpg 1280w&quot;,&quot;sizes&quot;:&quot;(max-width: 584px) 100vw, 584px&quot;},{&quot;image&quot;:&quot;https:\\\/\\\/kaza-hogar.com\\\/wp-content\\\/uploads\\\/2026\\\/03\\\/Foto-12-03-26-11-14-51-584x438.jpg&quot;,&quot;alt&quot;:&quot;&quot;,&quot;width&quot;:584,&quot;height&quot;:438,&quot;srcset&quot;:&quot;https:\\\/\\\/kaza-hogar.com\\\/wp-content\\\/uploads\\\/2026\\\/03\\\/Foto-12-03-26-11-14-51-584x438.jpg 584w, https:\\\/\\\/kaza-hogar.com\\\/wp-content\\\/uploads\\\/2026\\\/03\\\/Foto-12-03-26-11-14-51.jpg 1280w&quot;,&quot;sizes&quot;:&quot;(max-width: 584px) 100vw, 584px&quot;},{&quot;image&quot;:&quot;https:\\\/\\\/kaza-hogar.com\\\/wp-content\\\/uploads\\\/2026\\\/03\\\/Foto-12-03-26-11-16-30-584x438.jpg&quot;,&quot;alt&quot;:&quot;&quot;,&quot;width&quot;:584,&quot;height&quot;:438,&quot;srcset&quot;:&quot;https:\\\/\\\/kaza-hogar.com\\\/wp-content\\\/uploads\\\/2026\\\/03\\\/Foto-12-03-26-11-16-30-584x438.jpg 584w, https:\\\/\\\/kaza-hogar.com\\\/wp-content\\\/uploads\\\/2026\\\/03\\\/Foto-12-03-26-11-16-30.jpg 1280w&quot;,&quot;sizes&quot;:&quot;(max-width: 584px) 100vw, 584px&quot;},{&quot;image&quot;:&quot;https:\\\/\\\/kaza-hogar.com\\\/wp-content\\\/uploads\\\/2026\\\/03\\\/Foto-12-03-26-11-23-04-584x438.jpg&quot;,&quot;alt&quot;:&quot;&quot;,&quot;width&quot;:584,&quot;height&quot;:438,&quot;srcset&quot;:&quot;https:\\\/\\\/kaza-hogar.com\\\/wp-content\\\/uploads\\\/2026\\\/03\\\/Foto-12-03-26-11-23-04-584x438.jpg 584w, https:\\\/\\\/kaza-hogar.com\\\/wp-content\\\/uploads\\\/2026\\\/03\\\/Foto-12-03-26-11-23-04.jpg 1280w&quot;,&quot;sizes&quot;:&quot;(max-width: 584px) 100vw, 584px&quot;},{&quot;image&quot;:&quot;https:\\\/\\\/kaza-hogar.com\\\/wp-content\\\/uploads\\\/2026\\\/03\\\/Foto-12-03-26-11-16-46-584x438.jpg&quot;,&quot;alt&quot;:&quot;&quot;,&quot;width&quot;:584,&quot;height&quot;:438,&quot;srcset&quot;:false,&quot;sizes&quot;:&quot;(max-width: 584px) 100vw, 584px&quot;},{&quot;image&quot;:&quot;https:\\\/\\\/kaza-hogar.com\\\/wp-content\\\/uploads\\\/2026\\\/03\\\/Foto-12-03-26-11-16-15-584x438.jpg&quot;,&quot;alt&quot;:&quot;&quot;,&quot;width&quot;:584,&quot;height&quot;:438,&quot;srcset&quot;:&quot;https:\\\/\\\/kaza-hogar.com\\\/wp-content\\\/uploads\\\/2026\\\/03\\\/Foto-12-03-26-11-16-15-584x438.jpg 584w, https:\\\/\\\/kaza-hogar.com\\\/wp-content\\\/uploads\\\/2026\\\/03\\\/Foto-12-03-26-11-16-15.jpg 1280w&quot;,&quot;sizes&quot;:&quot;(max-width: 584px) 100vw, 584px&quot;},{&quot;image&quot;:&quot;https:\\\/\\\/kaza-hogar.com\\\/wp-content\\\/uploads\\\/2026\\\/03\\\/Foto-12-03-26-11-20-40-584x438.jpg&quot;,&quot;alt&quot;:&quot;&quot;,&quot;width&quot;:584,&quot;height&quot;:438,&quot;srcset&quot;:&quot;https:\\\/\\\/kaza-hogar.com\\\/wp-content\\\/uploads\\\/2026\\\/03\\\/Foto-12-03-26-11-20-40-584x438.jpg 584w, https:\\\/\\\/kaza-hogar.com\\\/wp-content\\\/uploads\\\/2026\\\/03\\\/Foto-12-03-26-11-20-40.jpg 1280w&quot;,&quot;sizes&quot;:&quot;(max-width: 584px) 100vw, 584px&quot;},{&quot;image&quot;:&quot;https:\\\/\\\/kaza-hogar.com\\\/wp-content\\\/uploads\\\/2026\\\/03\\\/Foto-12-03-26-11-21-04-584x438.jpg&quot;,&quot;alt&quot;:&quot;&quot;,&quot;width&quot;:584,&quot;height&quot;:438,&quot;srcset&quot;:&quot;https:\\\/\\\/kaza-hogar.com\\\/wp-content\\\/uploads\\\/2026\\\/03\\\/Foto-12-03-26-11-21-04-584x438.jpg 584w, https:\\\/\\\/kaza-hogar.com\\\/wp-content\\\/uploads\\\/2026\\\/03\\\/Foto-12-03-26-11-21-04.jpg 1280w&quot;,&quot;sizes&quot;:&quot;(max-width: 584px) 100vw, 584px&quot;},{&quot;image&quot;:&quot;https:\\\/\\\/kaza-hogar.com\\\/wp-content\\\/uploads\\\/2026\\\/03\\\/Foto-12-03-26-11-17-27-584x438.jpg&quot;,&quot;alt&quot;:&quot;&quot;,&quot;width&quot;:584,&quot;height&quot;:438,&quot;srcset&quot;:false,&quot;sizes&quot;:&quot;(max-width: 584px) 100vw, 584px&quot;},{&quot;image&quot;:&quot;https:\\\/\\\/kaza-hogar.com\\\/wp-content\\\/uploads\\\/2026\\\/03\\\/Foto-12-03-26-11-17-50-584x438.jpg&quot;,&quot;alt&quot;:&quot;&quot;,&quot;width&quot;:584,&quot;height&quot;:438,&quot;srcset&quot;:&quot;https:\\\/\\\/kaza-hogar.com\\\/wp-content\\\/uploads\\\/2026\\\/03\\\/Foto-12-03-26-11-17-50-584x438.jpg 584w, https:\\\/\\\/kaza-hogar.com\\\/wp-content\\\/uploads\\\/2026\\\/03\\\/Foto-12-03-26-11-17-50.jpg 1280w&quot;,&quot;sizes&quot;:&quot;(max-width: 584px) 100vw, 584px&quot;}]\">\n\t<div class=\"item-wrap item-wrap-no-frame h-100\">\n\t\t<div class=\"d-flex flex-column align-items-center h-100\">\n\t\t\t<div class=\"item-header\">\n\t\t\t\t<span class=\"label-featured label me-1\" role=\"status\">Empfohlen<\/span>\t\t\t\t<div class=\"labels-wrap d-flex align-items-center gap-1\" role=\"group\"> \n\n\t<a href=\"https:\/\/kaza-hogar.com\/de\/status\/zu-verkaufen\/\" class=\"label-status label status-color-151\">\n\t\t\t\t\tZu verkaufen\n\t\t\t\t<\/a>       \n\n<\/div>\n\t\t\t\t<ul class=\"item-price-wrap d-flex flex-column gap-2\" role=\"list\">\n\t<li class=\"item-price\"><span class=\"price\">\u20ac600,000<\/span><span class=\"price-postfix\"><\/span><\/li><\/ul>\t\t\t\t<ul class=\"item-tools d-flex align-items-center justify-content-center gap-1\">\n        <li class=\"item-tool item-preview\">\n        <span class=\"hz-show-lightbox-js item-tool-preview text-center\" data-listid=\"23379\">\n            <span data-bs-toggle=\"tooltip\" data-bs-placement=\"top\" title=\"Preview\">\n                <i class=\"houzez-icon icon-expand-3\"><\/i>   \n            <\/span>\n        <\/span><!-- item-tool-favorite -->\n    <\/li><!-- item-tool -->\n        \n        <li class=\"item-tool item-favorite\">\n        <span class=\"add-favorite-js item-tool-favorite text-center\" data-bs-toggle=\"tooltip\" data-bs-placement=\"top\" title=\"Favourite\" data-listid=\"23379\">\n            <i class=\"houzez-icon icon-love-it \"><\/i>\n        <\/span><!-- item-tool-favorite -->\n    <\/li><!-- item-tool -->\n    \n        <li class=\"item-tool item-compare\">\n        <span class=\"houzez_compare compare-23379 item-tool-compare text-center\" data-bs-toggle=\"tooltip\" data-bs-placement=\"top\" title=\"Add to Compare\" data-listing_id=\"23379\" data-listing_image=\"https:\/\/kaza-hogar.com\/wp-content\/uploads\/2026\/03\/Foto-12-03-26-11-14-51-584x438.jpg\">\n            <i class=\"houzez-icon icon-add-circle\"><\/i>\n            <!-- <i class=\"houzez-icon icon-subtract-circle\"><\/i> -->\n        <\/span><!-- item-tool-compare -->\n    <\/li><!-- item-tool -->\n    <\/ul><!-- item-tools -->\n\t\t\t\t<div class=\"listing-image-wrap\">\n\t<div class=\"listing-thumb\">\n\t\t<a target=\"_self\" href=\"https:\/\/kaza-hogar.com\/de\/property\/casilla-del-angel-villa-zu-verkaufen\/\" class=\"listing-featured-thumb hover-effect image-wrap\" role=\"link\">\n\t\t\t<img decoding=\"async\" width=\"584\" height=\"438\" src=\"https:\/\/kaza-hogar.com\/wp-content\/uploads\/2026\/03\/Foto-12-03-26-11-14-51-584x438.jpg\" class=\"img-fluid wp-post-image\" alt=\"\" srcset=\"https:\/\/kaza-hogar.com\/wp-content\/uploads\/2026\/03\/Foto-12-03-26-11-14-51-584x438.jpg 584w, https:\/\/kaza-hogar.com\/wp-content\/uploads\/2026\/03\/Foto-12-03-26-11-14-51.jpg 1280w\" sizes=\"(max-width: 584px) 100vw, 584px\" \/>\t\t<\/a><!-- hover-effect -->\n\t<\/div>\n<\/div>\t\t\t\t<div class=\"preview_loader\"><\/div>\n\t\t\t<\/div>\n\t\t\t<div class=\"item-body w-100 flex-grow-1\">\n\t\t\t\t<h2 class=\"item-title mb-2 \">\n\t<a target=\"_self\" href=\"https:\/\/kaza-hogar.com\/de\/property\/casilla-del-angel-villa-zu-verkaufen\/\" role=\"link\">Casilla Del Angel Villa zu verkaufen<\/a>\n<\/h2><!-- item-title -->\t\t\t\t<address class=\"item-address mb-2\"><i class=\"houzez-icon icon-pin me-1\" aria-hidden=\"true\"><\/i><span>Casilla del Angel<\/span><\/address>\t\t\t\t\t\t\t\t<ul class=\"item-amenities d-flex flex-wrap align-items-center gap-2 mb-2 item-amenities-with-icons\" role=\"list\">\n\t<li class=\"h-beds d-flex align-items-center me-1\"><i class=\"houzez-icon icon-hotel-double-bed-1 me-2\"><\/i><span class=\"item-amenities-text\">Beds:<\/span> <span class=\"hz-figure\">4<\/span><\/li><li class=\"h-baths d-flex align-items-center me-1\"><i class=\"houzez-icon icon-bathroom-shower-1 me-2\"><\/i><span class=\"item-amenities-text\">Baths:<\/span> <span class=\"hz-figure\">4<\/span><\/li><li class=\"h-cars d-flex align-items-center me-1\"><i class=\"houzez-icon icon-car-1 me-2\"><\/i><span class=\"item-amenities-text\">Garage:<\/span> <span class=\"hz-figure\">1<\/span><\/li><li class=\"h-area d-flex align-items-center me-1\"><i class=\"houzez-icon icon-ruler-triangle me-2\"><\/i><span class=\"hz-figure me-1\">214<\/span> <span class=\"hz-figure area_postfix\">m\u00b2<\/span><\/li><li class=\"h-type d-flex w-100\" role=\"listitem\"><span>Villa<\/span><\/li><\/ul>\t\t\t\t<a class=\"btn btn-primary btn-item d-md-none d-xl-flex item-no-footer\" target=\"_self\" href=\"https:\/\/kaza-hogar.com\/de\/property\/casilla-del-angel-villa-zu-verkaufen\/\">\n\tDetails<\/a><!-- btn-item -->\n\t\t\t<\/div>\n\t\t\t\t\t<\/div>\n\t<\/div>\n<\/div><div class=\"item-listing-wrap item-wrap-v1 hz-item-gallery-js hz-map-trigger\" data-hz-id=\"21394\" data-images=\"[{&quot;image&quot;:&quot;https:\\\/\\\/kaza-hogar.com\\\/wp-content\\\/uploads\\\/2025\\\/12\\\/Foto-28-5-25-12-55-42-584x438.jpg&quot;,&quot;alt&quot;:&quot;&quot;,&quot;width&quot;:584,&quot;height&quot;:438,&quot;srcset&quot;:&quot;https:\\\/\\\/kaza-hogar.com\\\/wp-content\\\/uploads\\\/2025\\\/12\\\/Foto-28-5-25-12-55-42-584x438.jpg 584w, https:\\\/\\\/kaza-hogar.com\\\/wp-content\\\/uploads\\\/2025\\\/12\\\/Foto-28-5-25-12-55-42.jpg 1280w&quot;,&quot;sizes&quot;:&quot;(max-width: 584px) 100vw, 584px&quot;},{&quot;image&quot;:&quot;https:\\\/\\\/kaza-hogar.com\\\/wp-content\\\/uploads\\\/2025\\\/12\\\/Foto-28-5-25-12-55-42-584x438.jpg&quot;,&quot;alt&quot;:&quot;&quot;,&quot;width&quot;:584,&quot;height&quot;:438,&quot;srcset&quot;:&quot;https:\\\/\\\/kaza-hogar.com\\\/wp-content\\\/uploads\\\/2025\\\/12\\\/Foto-28-5-25-12-55-42-584x438.jpg 584w, https:\\\/\\\/kaza-hogar.com\\\/wp-content\\\/uploads\\\/2025\\\/12\\\/Foto-28-5-25-12-55-42.jpg 1280w&quot;,&quot;sizes&quot;:&quot;(max-width: 584px) 100vw, 584px&quot;},{&quot;image&quot;:&quot;https:\\\/\\\/kaza-hogar.com\\\/wp-content\\\/uploads\\\/2025\\\/12\\\/Foto-28-5-25-12-56-41-584x438.jpg&quot;,&quot;alt&quot;:&quot;&quot;,&quot;width&quot;:584,&quot;height&quot;:438,&quot;srcset&quot;:false,&quot;sizes&quot;:&quot;(max-width: 584px) 100vw, 584px&quot;},{&quot;image&quot;:&quot;https:\\\/\\\/kaza-hogar.com\\\/wp-content\\\/uploads\\\/2025\\\/12\\\/Foto-28-5-25-12-56-55-584x438.jpg&quot;,&quot;alt&quot;:&quot;&quot;,&quot;width&quot;:584,&quot;height&quot;:438,&quot;srcset&quot;:&quot;https:\\\/\\\/kaza-hogar.com\\\/wp-content\\\/uploads\\\/2025\\\/12\\\/Foto-28-5-25-12-56-55-584x438.jpg 584w, https:\\\/\\\/kaza-hogar.com\\\/wp-content\\\/uploads\\\/2025\\\/12\\\/Foto-28-5-25-12-56-55.jpg 1280w&quot;,&quot;sizes&quot;:&quot;(max-width: 584px) 100vw, 584px&quot;},{&quot;image&quot;:&quot;https:\\\/\\\/kaza-hogar.com\\\/wp-content\\\/uploads\\\/2025\\\/12\\\/Foto-28-5-25-12-57-11-584x438.jpg&quot;,&quot;alt&quot;:&quot;&quot;,&quot;width&quot;:584,&quot;height&quot;:438,&quot;srcset&quot;:&quot;https:\\\/\\\/kaza-hogar.com\\\/wp-content\\\/uploads\\\/2025\\\/12\\\/Foto-28-5-25-12-57-11-584x438.jpg 584w, https:\\\/\\\/kaza-hogar.com\\\/wp-content\\\/uploads\\\/2025\\\/12\\\/Foto-28-5-25-12-57-11.jpg 1280w&quot;,&quot;sizes&quot;:&quot;(max-width: 584px) 100vw, 584px&quot;},{&quot;image&quot;:&quot;https:\\\/\\\/kaza-hogar.com\\\/wp-content\\\/uploads\\\/2025\\\/12\\\/Foto-28-5-25-12-56-10-584x438.jpg&quot;,&quot;alt&quot;:&quot;&quot;,&quot;width&quot;:584,&quot;height&quot;:438,&quot;srcset&quot;:&quot;https:\\\/\\\/kaza-hogar.com\\\/wp-content\\\/uploads\\\/2025\\\/12\\\/Foto-28-5-25-12-56-10-584x438.jpg 584w, https:\\\/\\\/kaza-hogar.com\\\/wp-content\\\/uploads\\\/2025\\\/12\\\/Foto-28-5-25-12-56-10.jpg 1280w&quot;,&quot;sizes&quot;:&quot;(max-width: 584px) 100vw, 584px&quot;},{&quot;image&quot;:&quot;https:\\\/\\\/kaza-hogar.com\\\/wp-content\\\/uploads\\\/2025\\\/12\\\/Foto-28-5-25-12-54-54-584x438.jpg&quot;,&quot;alt&quot;:&quot;&quot;,&quot;width&quot;:584,&quot;height&quot;:438,&quot;srcset&quot;:false,&quot;sizes&quot;:&quot;(max-width: 584px) 100vw, 584px&quot;},{&quot;image&quot;:&quot;https:\\\/\\\/kaza-hogar.com\\\/wp-content\\\/uploads\\\/2025\\\/12\\\/Foto-28-5-25-12-55-14-584x438.jpg&quot;,&quot;alt&quot;:&quot;&quot;,&quot;width&quot;:584,&quot;height&quot;:438,&quot;srcset&quot;:false,&quot;sizes&quot;:&quot;(max-width: 584px) 100vw, 584px&quot;},{&quot;image&quot;:&quot;https:\\\/\\\/kaza-hogar.com\\\/wp-content\\\/uploads\\\/2025\\\/12\\\/Foto-28-5-25-12-55-29-584x438.jpg&quot;,&quot;alt&quot;:&quot;&quot;,&quot;width&quot;:584,&quot;height&quot;:438,&quot;srcset&quot;:&quot;https:\\\/\\\/kaza-hogar.com\\\/wp-content\\\/uploads\\\/2025\\\/12\\\/Foto-28-5-25-12-55-29-584x438.jpg 584w, https:\\\/\\\/kaza-hogar.com\\\/wp-content\\\/uploads\\\/2025\\\/12\\\/Foto-28-5-25-12-55-29.jpg 1280w&quot;,&quot;sizes&quot;:&quot;(max-width: 584px) 100vw, 584px&quot;},{&quot;image&quot;:&quot;https:\\\/\\\/kaza-hogar.com\\\/wp-content\\\/uploads\\\/2025\\\/12\\\/Foto-28-5-25-12-55-36-584x438.jpg&quot;,&quot;alt&quot;:&quot;&quot;,&quot;width&quot;:584,&quot;height&quot;:438,&quot;srcset&quot;:&quot;https:\\\/\\\/kaza-hogar.com\\\/wp-content\\\/uploads\\\/2025\\\/12\\\/Foto-28-5-25-12-55-36-584x438.jpg 584w, https:\\\/\\\/kaza-hogar.com\\\/wp-content\\\/uploads\\\/2025\\\/12\\\/Foto-28-5-25-12-55-36.jpg 1280w&quot;,&quot;sizes&quot;:&quot;(max-width: 584px) 100vw, 584px&quot;}]\">\n\t<div class=\"item-wrap item-wrap-no-frame h-100\">\n\t\t<div class=\"d-flex flex-column align-items-center h-100\">\n\t\t\t<div class=\"item-header\">\n\t\t\t\t\t\t\t\t<div class=\"labels-wrap d-flex align-items-center gap-1\" role=\"group\"> \n\n\t<a href=\"https:\/\/kaza-hogar.com\/de\/status\/zu-verkaufen\/\" class=\"label-status label status-color-151\">\n\t\t\t\t\tZu verkaufen\n\t\t\t\t<\/a>       \n\n<\/div>\n\t\t\t\t<ul class=\"item-price-wrap d-flex flex-column gap-2\" role=\"list\">\n\t<li class=\"item-price\"><span class=\"price\">\u20ac195,000<\/span><span class=\"price-postfix\"><\/span><\/li><\/ul>\t\t\t\t<ul class=\"item-tools d-flex align-items-center justify-content-center gap-1\">\n        <li class=\"item-tool item-preview\">\n        <span class=\"hz-show-lightbox-js item-tool-preview text-center\" data-listid=\"21394\">\n            <span data-bs-toggle=\"tooltip\" data-bs-placement=\"top\" title=\"Preview\">\n                <i class=\"houzez-icon icon-expand-3\"><\/i>   \n            <\/span>\n        <\/span><!-- item-tool-favorite -->\n    <\/li><!-- item-tool -->\n        \n        <li class=\"item-tool item-favorite\">\n        <span class=\"add-favorite-js item-tool-favorite text-center\" data-bs-toggle=\"tooltip\" data-bs-placement=\"top\" title=\"Favourite\" data-listid=\"21394\">\n            <i class=\"houzez-icon icon-love-it \"><\/i>\n        <\/span><!-- item-tool-favorite -->\n    <\/li><!-- item-tool -->\n    \n        <li class=\"item-tool item-compare\">\n        <span class=\"houzez_compare compare-21394 item-tool-compare text-center\" data-bs-toggle=\"tooltip\" data-bs-placement=\"top\" title=\"Add to Compare\" data-listing_id=\"21394\" data-listing_image=\"https:\/\/kaza-hogar.com\/wp-content\/uploads\/2025\/12\/Foto-28-5-25-12-55-42-584x438.jpg\">\n            <i class=\"houzez-icon icon-add-circle\"><\/i>\n            <!-- <i class=\"houzez-icon icon-subtract-circle\"><\/i> -->\n        <\/span><!-- item-tool-compare -->\n    <\/li><!-- item-tool -->\n    <\/ul><!-- item-tools -->\n\t\t\t\t<div class=\"listing-image-wrap\">\n\t<div class=\"listing-thumb\">\n\t\t<a target=\"_self\" href=\"https:\/\/kaza-hogar.com\/de\/property\/einmalige-gelegenheit-in-puerto-del-rosario\/\" class=\"listing-featured-thumb hover-effect image-wrap\" role=\"link\">\n\t\t\t<img decoding=\"async\" width=\"584\" height=\"438\" src=\"https:\/\/kaza-hogar.com\/wp-content\/uploads\/2025\/12\/Foto-28-5-25-12-55-42-584x438.jpg\" class=\"img-fluid wp-post-image\" alt=\"\" srcset=\"https:\/\/kaza-hogar.com\/wp-content\/uploads\/2025\/12\/Foto-28-5-25-12-55-42-584x438.jpg 584w, https:\/\/kaza-hogar.com\/wp-content\/uploads\/2025\/12\/Foto-28-5-25-12-55-42.jpg 1280w\" sizes=\"(max-width: 584px) 100vw, 584px\" \/>\t\t<\/a><!-- hover-effect -->\n\t<\/div>\n<\/div>\t\t\t\t<div class=\"preview_loader\"><\/div>\n\t\t\t<\/div>\n\t\t\t<div class=\"item-body w-100 flex-grow-1\">\n\t\t\t\t<h2 class=\"item-title mb-2 \">\n\t<a target=\"_self\" href=\"https:\/\/kaza-hogar.com\/de\/property\/einmalige-gelegenheit-in-puerto-del-rosario\/\" role=\"link\">Einmalige Gelegenheit in Puerto del Rosario!<\/a>\n<\/h2><!-- item-title -->\t\t\t\t<address class=\"item-address mb-2\"><i class=\"houzez-icon icon-pin me-1\" aria-hidden=\"true\"><\/i><span>Calle Isaac Peral, Barrio Fabelo, Puerto del Rosario, Las Palmas, Canarias, Espa\u00f1a<\/span><\/address>\t\t\t\t\t\t\t\t<ul class=\"item-amenities d-flex flex-wrap align-items-center gap-2 mb-2 item-amenities-with-icons\" role=\"list\">\n\t<li class=\"h-type d-flex w-100\" role=\"listitem\"><span>Grundst\u00fcck<\/span><\/li><\/ul>\t\t\t\t<a class=\"btn btn-primary btn-item d-md-none d-xl-flex item-no-footer\" target=\"_self\" href=\"https:\/\/kaza-hogar.com\/de\/property\/einmalige-gelegenheit-in-puerto-del-rosario\/\">\n\tDetails<\/a><!-- btn-item -->\n\t\t\t<\/div>\n\t\t\t\t\t<\/div>\n\t<\/div>\n<\/div>        <\/div><!-- listing-view -->\n\n            <\/div><!-- property-grid-module -->\n    \t\t\t\t<\/div>\n\t\t\t\t<\/div>\n\t\t\t\t\t<\/div>\n\t\t\t\t<\/div>\n\t\t\t\t<\/div>\n\t\t","protected":false},"excerpt":{"rendered":"<p>Puerto del Rosario Puerto del Rosario ist die Hauptstadt Fuerteventuras und liegt an der Ostk\u00fcste der Insel.Sie gilt als das wichtigste Handelszentrum, in dem sich die wichtigsten Inselverwaltungen, die Universit\u00e4t und die bedeutendsten Industriegebiete befinden. Der Hafen empf\u00e4ngt die gro\u00dfen Kreuzfahrtschiffe, die auf der Insel anlegen, und kontrolliert gleichzeitig den Warenverkehr.Die Hauptstadt bietet gro\u00dfz\u00fcgige Fu\u00dfg\u00e4ngerzonen [&hellip;]<\/p>\n","protected":false},"author":1,"featured_media":0,"parent":0,"menu_order":0,"comment_status":"closed","ping_status":"closed","template":"template\/template-homepage.php","meta":{"_monsterinsights_skip_tracking":false,"_monsterinsights_sitenote_active":false,"_monsterinsights_sitenote_note":"","_monsterinsights_sitenote_category":0,"footnotes":""},"class_list":["post-19194","page","type-page","status-publish","hentry"],"aioseo_notices":[],"_links":{"self":[{"href":"https:\/\/kaza-hogar.com\/de\/wp-json\/wp\/v2\/pages\/19194","targetHints":{"allow":["GET"]}}],"collection":[{"href":"https:\/\/kaza-hogar.com\/de\/wp-json\/wp\/v2\/pages"}],"about":[{"href":"https:\/\/kaza-hogar.com\/de\/wp-json\/wp\/v2\/types\/page"}],"author":[{"embeddable":true,"href":"https:\/\/kaza-hogar.com\/de\/wp-json\/wp\/v2\/users\/1"}],"replies":[{"embeddable":true,"href":"https:\/\/kaza-hogar.com\/de\/wp-json\/wp\/v2\/comments?post=19194"}],"version-history":[{"count":1,"href":"https:\/\/kaza-hogar.com\/de\/wp-json\/wp\/v2\/pages\/19194\/revisions"}],"predecessor-version":[{"id":19195,"href":"https:\/\/kaza-hogar.com\/de\/wp-json\/wp\/v2\/pages\/19194\/revisions\/19195"}],"wp:attachment":[{"href":"https:\/\/kaza-hogar.com\/de\/wp-json\/wp\/v2\/media?parent=19194"}],"curies":[{"name":"wp","href":"https:\/\/api.w.org\/{rel}","templated":true}]}}