{"id":19148,"date":"2025-11-18T16:43:41","date_gmt":"2025-11-18T16:43:41","guid":{"rendered":"https:\/\/kaza-hogar.com\/costa-calma\/"},"modified":"2025-12-03T08:29:15","modified_gmt":"2025-12-03T08:29:15","slug":"costa-calma","status":"publish","type":"page","link":"https:\/\/kaza-hogar.com\/de\/costa-calma\/","title":{"rendered":"Costa Calma"},"content":{"rendered":"\t\t<div data-elementor-type=\"wp-page\" data-elementor-id=\"19148\" class=\"elementor elementor-19148 elementor-18157\">\n\t\t\t\t\t\t<section class=\"elementor-section elementor-top-section elementor-element elementor-element-2b66205 elementor-section-height-min-height animated-slow elementor-section-boxed elementor-section-height-default elementor-section-items-middle elementor-invisible\" data-id=\"2b66205\" data-element_type=\"section\" data-e-type=\"section\" data-settings=\"{&quot;background_background&quot;:&quot;classic&quot;,&quot;animation&quot;:&quot;fadeIn&quot;,&quot;shape_divider_bottom&quot;:&quot;opacity-tilt&quot;}\">\n\t\t\t\t\t\t\t<div class=\"elementor-background-overlay\"><\/div>\n\t\t\t\t\t\t<div class=\"elementor-shape elementor-shape-bottom\" aria-hidden=\"true\" data-negative=\"false\">\n\t\t\t<svg xmlns=\"http:\/\/www.w3.org\/2000\/svg\" viewBox=\"0 0 2600 131.1\" preserveAspectRatio=\"none\">\n\t<path class=\"elementor-shape-fill\" d=\"M0 0L2600 0 2600 69.1 0 0z\"\/>\n\t<path class=\"elementor-shape-fill\" style=\"opacity:0.5\" d=\"M0 0L2600 0 2600 69.1 0 69.1z\"\/>\n\t<path class=\"elementor-shape-fill\" style=\"opacity:0.25\" d=\"M2600 0L0 0 0 130.1 2600 69.1z\"\/>\n<\/svg>\t\t<\/div>\n\t\t\t\t\t<div class=\"elementor-container elementor-column-gap-default\">\n\t\t\t\t\t<div class=\"elementor-column elementor-col-100 elementor-top-column elementor-element elementor-element-6af214b elementor-invisible\" data-id=\"6af214b\" data-element_type=\"column\" data-e-type=\"column\" data-settings=\"{&quot;animation&quot;:&quot;fadeInLeft&quot;}\">\n\t\t\t<div class=\"elementor-widget-wrap elementor-element-populated\">\n\t\t\t\t\t\t<div class=\"elementor-element elementor-element-ec9aebf elementor-widget elementor-widget-heading\" data-id=\"ec9aebf\" data-element_type=\"widget\" data-e-type=\"widget\" data-widget_type=\"heading.default\">\n\t\t\t\t\t<h1 class=\"elementor-heading-title elementor-size-default\">Costa Calma<\/h1>\t\t\t\t<\/div>\n\t\t\t\t\t<\/div>\n\t\t<\/div>\n\t\t\t\t\t<\/div>\n\t\t<\/section>\n\t\t<div class=\"elementor-element elementor-element-822ffee e-flex e-con-boxed e-con e-parent\" data-id=\"822ffee\" data-element_type=\"container\" data-e-type=\"container\">\n\t\t\t\t\t<div class=\"e-con-inner\">\n\t\t\t\t<div class=\"elementor-element elementor-element-2cde278 elementor-widget elementor-widget-spacer\" data-id=\"2cde278\" data-element_type=\"widget\" data-e-type=\"widget\" data-widget_type=\"spacer.default\">\n\t\t\t\t\t\t\t<div class=\"elementor-spacer\">\n\t\t\t<div class=\"elementor-spacer-inner\"><\/div>\n\t\t<\/div>\n\t\t\t\t\t\t<\/div>\n\t\t<div class=\"elementor-element elementor-element-840f9a1 e-con-full e-grid e-con e-child\" data-id=\"840f9a1\" data-element_type=\"container\" data-e-type=\"container\">\n\t\t\t\t<div class=\"elementor-element elementor-element-5b20ecf elementor-invisible elementor-widget elementor-widget-text-editor\" data-id=\"5b20ecf\" data-element_type=\"widget\" data-e-type=\"widget\" data-settings=\"{&quot;_animation&quot;:&quot;fadeInLeft&quot;}\" data-widget_type=\"text-editor.default\">\n\t\t\t\t\t\t\t\t\t<p>Costa Calma liegt im S\u00fcden Fuerteventuras und ist eines der bekanntesten und beliebtesten Reiseziele der Insel. Ihr Name ist Programm \u2013 ein Ort der Ruhe, des milden Klimas und des kristallklaren Atlantikwassers, die zum Entspannen und Genie\u00dfen des Lebens am Meer einladen.<\/p><p>Der Ort erstreckt sich entlang eines langen K\u00fcstenstreifens aus feinem goldenem Sand, der Teil der \u00fcber zwanzig Kilometer langen K\u00fcste von Sotavento ist. Seine ruhigen, flachen Gew\u00e4sser machen es zu einem idealen Reiseziel f\u00fcr Familien, Paare und Wassersportler. Windsurfen und Kitesurfen sind hier besonders beliebt, und jedes Jahr finden hier internationale Wettbewerbe statt.<\/p><p>Neben ihrer nat\u00fcrlichen Sch\u00f6nheit bietet Costa Calma eine ausgezeichnete touristische Infrastruktur: hochwertige Hotels und Apartments, Restaurants mit lokaler und internationaler K\u00fcche, Superm\u00e4rkte, Gesch\u00e4fte und alle Annehmlichkeiten, die f\u00fcr einen komfortablen und erholsamen Aufenthalt ben\u00f6tigt werden.<\/p><p>Ihre privilegierte Lage erm\u00f6glicht einen einfachen Zugang zu anderen Gebieten im S\u00fcden, wie La Pared, Jand\u00eda und Morro Jable, sowie zu den W\u00fcstenlandschaften und Bergpfaden der Insel.<\/p><p>Mit ihrer ruhigen Atmosph\u00e4re, der gesch\u00fctzten Natur und der herzlichen Gastfreundschaft ihrer Bewohner verk\u00f6rpert Costa Calma die Essenz des entspannten Lebensstils Fuerteventuras \u2013 ein Ort, an dem die Zeit stillzustehen scheint und das Meer Ihr bester Begleiter wird.<\/p>\t\t\t\t\t\t\t\t<\/div>\n\t\t\t\t<div class=\"elementor-element elementor-element-5caa90b animated-slow elementor-invisible elementor-widget elementor-widget-image\" data-id=\"5caa90b\" data-element_type=\"widget\" data-e-type=\"widget\" data-settings=\"{&quot;_animation&quot;:&quot;fadeInUp&quot;,&quot;_animation_delay&quot;:500}\" data-widget_type=\"image.default\">\n\t\t\t\t\t\t\t\t\t\t\t\t\t\t\t<img fetchpriority=\"high\" decoding=\"async\" width=\"653\" height=\"1024\" src=\"https:\/\/kaza-hogar.com\/wp-content\/uploads\/2025\/11\/Costa-Calma.jpg\" class=\"attachment-large size-large wp-image-18921\" alt=\"\" srcset=\"\" \/>\t\t\t\t\t\t\t\t\t\t\t\t\t\t\t<\/div>\n\t\t\t\t<\/div>\n\t\t\t\t<div class=\"elementor-element elementor-element-a42f5e0 elementor-widget elementor-widget-spacer\" data-id=\"a42f5e0\" data-element_type=\"widget\" data-e-type=\"widget\" data-widget_type=\"spacer.default\">\n\t\t\t\t\t\t\t<div class=\"elementor-spacer\">\n\t\t\t<div class=\"elementor-spacer-inner\"><\/div>\n\t\t<\/div>\n\t\t\t\t\t\t<\/div>\n\t\t\t\t<div class=\"elementor-element elementor-element-e7ee057 elementor-invisible elementor-widget elementor-widget-heading\" data-id=\"e7ee057\" data-element_type=\"widget\" data-e-type=\"widget\" data-settings=\"{&quot;_animation&quot;:&quot;fadeInLeft&quot;}\" data-widget_type=\"heading.default\">\n\t\t\t\t\t<h4 class=\"elementor-heading-title elementor-size-default\">Entdecken Sie unsere Immobilien in Costa Calma ...<\/h4>\t\t\t\t<\/div>\n\t\t\t\t<div class=\"elementor-element elementor-element-52be042 elementor-widget elementor-widget-spacer\" data-id=\"52be042\" data-element_type=\"widget\" data-e-type=\"widget\" data-widget_type=\"spacer.default\">\n\t\t\t\t\t\t\t<div class=\"elementor-spacer\">\n\t\t\t<div class=\"elementor-spacer-inner\"><\/div>\n\t\t<\/div>\n\t\t\t\t\t\t<\/div>\n\t\t\t\t<div class=\"elementor-element elementor-element-f9e66a9 animated-slow elementor-invisible elementor-widget elementor-widget-houzez_elementor_property-card-v1\" data-id=\"f9e66a9\" data-element_type=\"widget\" data-e-type=\"widget\" data-settings=\"{&quot;_animation&quot;:&quot;fadeInUp&quot;}\" data-widget_type=\"houzez_elementor_property-card-v1.default\">\n\t\t\t\t<div class=\"elementor-widget-container\">\n\t\t\t\t\t    <div id=\"properties_module_section\" class=\"property-cards-module property-cards-module-v1 property-cards-module-col-3\">\n        <div id=\"module_properties\" class=\"listing-view grid-view row row-cols-1 row-cols-md-2 row-cols-lg-3 gy-4 gx-4\">\n            <div class=\"p-4 bg-white\">\n\t<p class=\"text-center my-4 fs-5\">Keine Angebote gefunden.<\/p>\n<\/div>        <\/div><!-- listing-view -->\n\n            <\/div><!-- property-grid-module -->\n    \t\t\t\t<\/div>\n\t\t\t\t<\/div>\n\t\t\t\t\t<\/div>\n\t\t\t\t<\/div>\n\t\t\t\t<\/div>\n\t\t","protected":false},"excerpt":{"rendered":"<p>Costa Calma Costa Calma liegt im S\u00fcden Fuerteventuras und ist eines der bekanntesten und beliebtesten Reiseziele der Insel. Ihr Name ist Programm \u2013 ein Ort der Ruhe, des milden Klimas und des kristallklaren Atlantikwassers, die zum Entspannen und Genie\u00dfen des Lebens am Meer einladen. Der Ort erstreckt sich entlang eines langen K\u00fcstenstreifens aus feinem goldenem [&hellip;]<\/p>\n","protected":false},"author":1,"featured_media":0,"parent":0,"menu_order":0,"comment_status":"closed","ping_status":"closed","template":"template\/template-homepage.php","meta":{"_monsterinsights_skip_tracking":false,"_monsterinsights_sitenote_active":false,"_monsterinsights_sitenote_note":"","_monsterinsights_sitenote_category":0,"footnotes":""},"class_list":["post-19148","page","type-page","status-publish","hentry"],"aioseo_notices":[],"_links":{"self":[{"href":"https:\/\/kaza-hogar.com\/de\/wp-json\/wp\/v2\/pages\/19148","targetHints":{"allow":["GET"]}}],"collection":[{"href":"https:\/\/kaza-hogar.com\/de\/wp-json\/wp\/v2\/pages"}],"about":[{"href":"https:\/\/kaza-hogar.com\/de\/wp-json\/wp\/v2\/types\/page"}],"author":[{"embeddable":true,"href":"https:\/\/kaza-hogar.com\/de\/wp-json\/wp\/v2\/users\/1"}],"replies":[{"embeddable":true,"href":"https:\/\/kaza-hogar.com\/de\/wp-json\/wp\/v2\/comments?post=19148"}],"version-history":[{"count":4,"href":"https:\/\/kaza-hogar.com\/de\/wp-json\/wp\/v2\/pages\/19148\/revisions"}],"predecessor-version":[{"id":20278,"href":"https:\/\/kaza-hogar.com\/de\/wp-json\/wp\/v2\/pages\/19148\/revisions\/20278"}],"wp:attachment":[{"href":"https:\/\/kaza-hogar.com\/de\/wp-json\/wp\/v2\/media?parent=19148"}],"curies":[{"name":"wp","href":"https:\/\/api.w.org\/{rel}","templated":true}]}}