{"id":19006,"date":"2025-11-18T16:56:01","date_gmt":"2025-11-18T16:56:01","guid":{"rendered":"https:\/\/kaza-hogar.com\/morro-jable\/"},"modified":"2025-11-24T17:48:01","modified_gmt":"2025-11-24T17:48:01","slug":"morro-jable","status":"publish","type":"page","link":"https:\/\/kaza-hogar.com\/de\/morro-jable\/","title":{"rendered":"Morro Jable"},"content":{"rendered":"\t\t<div data-elementor-type=\"wp-page\" data-elementor-id=\"19006\" class=\"elementor elementor-19006 elementor-18172\">\n\t\t\t\t\t\t<section class=\"elementor-section elementor-top-section elementor-element elementor-element-2b66205 elementor-section-height-min-height animated-slow elementor-section-boxed elementor-section-height-default elementor-section-items-middle elementor-invisible\" data-id=\"2b66205\" data-element_type=\"section\" data-e-type=\"section\" data-settings=\"{&quot;background_background&quot;:&quot;classic&quot;,&quot;animation&quot;:&quot;fadeIn&quot;,&quot;shape_divider_bottom&quot;:&quot;opacity-tilt&quot;}\">\n\t\t\t\t\t\t\t<div class=\"elementor-background-overlay\"><\/div>\n\t\t\t\t\t\t<div class=\"elementor-shape elementor-shape-bottom\" aria-hidden=\"true\" data-negative=\"false\">\n\t\t\t<svg xmlns=\"http:\/\/www.w3.org\/2000\/svg\" viewBox=\"0 0 2600 131.1\" preserveAspectRatio=\"none\">\n\t<path class=\"elementor-shape-fill\" d=\"M0 0L2600 0 2600 69.1 0 0z\"\/>\n\t<path class=\"elementor-shape-fill\" style=\"opacity:0.5\" d=\"M0 0L2600 0 2600 69.1 0 69.1z\"\/>\n\t<path class=\"elementor-shape-fill\" style=\"opacity:0.25\" d=\"M2600 0L0 0 0 130.1 2600 69.1z\"\/>\n<\/svg>\t\t<\/div>\n\t\t\t\t\t<div class=\"elementor-container elementor-column-gap-default\">\n\t\t\t\t\t<div class=\"elementor-column elementor-col-100 elementor-top-column elementor-element elementor-element-6af214b elementor-invisible\" data-id=\"6af214b\" data-element_type=\"column\" data-e-type=\"column\" data-settings=\"{&quot;animation&quot;:&quot;fadeInLeft&quot;}\">\n\t\t\t<div class=\"elementor-widget-wrap elementor-element-populated\">\n\t\t\t\t\t\t<div class=\"elementor-element elementor-element-ec9aebf elementor-widget elementor-widget-heading\" data-id=\"ec9aebf\" data-element_type=\"widget\" data-e-type=\"widget\" data-widget_type=\"heading.default\">\n\t\t\t\t\t<h1 class=\"elementor-heading-title elementor-size-default\">Morro Jable<\/h1>\t\t\t\t<\/div>\n\t\t\t\t\t<\/div>\n\t\t<\/div>\n\t\t\t\t\t<\/div>\n\t\t<\/section>\n\t\t<div class=\"elementor-element elementor-element-c79ef3b e-flex e-con-boxed e-con e-parent\" data-id=\"c79ef3b\" data-element_type=\"container\" data-e-type=\"container\">\n\t\t\t\t\t<div class=\"e-con-inner\">\n\t\t\t\t<div class=\"elementor-element elementor-element-b8e32ca elementor-widget elementor-widget-spacer\" data-id=\"b8e32ca\" data-element_type=\"widget\" data-e-type=\"widget\" data-widget_type=\"spacer.default\">\n\t\t\t\t\t\t\t<div class=\"elementor-spacer\">\n\t\t\t<div class=\"elementor-spacer-inner\"><\/div>\n\t\t<\/div>\n\t\t\t\t\t\t<\/div>\n\t\t<div class=\"elementor-element elementor-element-1352d00 e-con-full e-grid e-con e-child\" data-id=\"1352d00\" data-element_type=\"container\" data-e-type=\"container\">\n\t\t\t\t<div class=\"elementor-element elementor-element-eecc04a animated-slow elementor-invisible elementor-widget elementor-widget-text-editor\" data-id=\"eecc04a\" data-element_type=\"widget\" data-e-type=\"widget\" data-settings=\"{&quot;_animation&quot;:&quot;fadeInLeft&quot;}\" data-widget_type=\"text-editor.default\">\n\t\t\t\t\t\t\t\t\t<p>Morro Jable ist das wichtigste Touristenzentrum im S\u00fcden von Fuerteventura und eines der bekanntesten Reiseziele der Insel. Es liegt in der Gemeinde P\u00e1jara und erstreckt sich entlang einer atemberaubenden K\u00fcstenlinie mit t\u00fcrkisfarbenem Wasser und endlosen goldenen Sandstr\u00e4nden.<\/p><p>Was Morro Jable so besonders macht, ist die perfekte Balance zwischen dem Charme des alten Fischerdorfes und der Lebendigkeit eines modernen Urlaubsortes. Die Altstadt hat ihre authentische maritime Atmosph\u00e4re mit kleinen Bars, traditionellen Restaurants und engen Gassen bewahrt, die zu einem gem\u00fctlichen Spaziergang bei Sonnenuntergang einladen. Im Gegensatz dazu bietet der neuere Teil eine gro\u00dfe Auswahl an Hotels, Gesch\u00e4ften, internationalen Restaurants und ein lebhaftes Nachtleben am Meer.<\/p><p>Der Strand von Morro Jable ist einer der l\u00e4ngsten und spektakul\u00e4rsten auf Fuerteventura \u2013 ideal zum Schwimmen, f\u00fcr lange Spazierg\u00e4nge oder f\u00fcr Wassersportarten wie Surfen, Windsurfen oder Paddleboarding. Die Strandpromenade verbindet sich mit dem nahegelegenen Playa del Matorral, der f\u00fcr seinen Leuchtturm und sein gesch\u00fctztes Naturgebiet bekannt ist, wo Besucher oft einheimische Vogelarten beobachten k\u00f6nnen.<\/p><p>Morro Jable ist auch der Ausgangspunkt f\u00fcr Bootsausfl\u00fcge entlang der Westk\u00fcste oder zur Nachbarinsel Gran Canaria und verf\u00fcgt \u00fcber einen gesch\u00e4ftigen Fischerei- und Yachthafen.<\/p><p>Mit seiner kosmopolitischen Atmosph\u00e4re, dem ganzj\u00e4hrig warmen Klima und der freundlichen Gastfreundschaft seiner Bewohner verk\u00f6rpert Morro Jable die wahre Essenz des s\u00fcdlichen Fuerteventura \u2013 ein Ort, an dem die Energie des Ozeans auf die Ruhe des Insellebens trifft und ein unvergessliches Erlebnis schafft.<\/p>\t\t\t\t\t\t\t\t<\/div>\n\t\t\t\t<div class=\"elementor-element elementor-element-7513411 elementor-invisible elementor-widget elementor-widget-image\" data-id=\"7513411\" data-element_type=\"widget\" data-e-type=\"widget\" data-settings=\"{&quot;_animation&quot;:&quot;fadeInLeft&quot;,&quot;_animation_delay&quot;:200}\" data-widget_type=\"image.default\">\n\t\t\t\t\t\t\t\t\t\t\t\t\t\t\t<img fetchpriority=\"high\" decoding=\"async\" width=\"614\" height=\"780\" src=\"https:\/\/kaza-hogar.com\/wp-content\/uploads\/2025\/11\/drew-vernon-1ZAfeEROi68-unsplash-614x780.jpg\" class=\"attachment-houzez-top-v7 size-houzez-top-v7 wp-image-18923\" alt=\"\" srcset=\"\" \/>\t\t\t\t\t\t\t\t\t\t\t\t\t\t\t<\/div>\n\t\t\t\t<\/div>\n\t\t\t\t<div class=\"elementor-element elementor-element-41316db elementor-widget elementor-widget-spacer\" data-id=\"41316db\" data-element_type=\"widget\" data-e-type=\"widget\" data-widget_type=\"spacer.default\">\n\t\t\t\t\t\t\t<div class=\"elementor-spacer\">\n\t\t\t<div class=\"elementor-spacer-inner\"><\/div>\n\t\t<\/div>\n\t\t\t\t\t\t<\/div>\n\t\t\t\t<div class=\"elementor-element elementor-element-52277cc elementor-invisible elementor-widget elementor-widget-heading\" data-id=\"52277cc\" data-element_type=\"widget\" data-e-type=\"widget\" data-settings=\"{&quot;_animation&quot;:&quot;fadeInUp&quot;}\" data-widget_type=\"heading.default\">\n\t\t\t\t\t<h4 class=\"elementor-heading-title elementor-size-default\">Sehen Sie sich unsere Immobilien in Morro Jable an ...<\/h4>\t\t\t\t<\/div>\n\t\t\t\t<div class=\"elementor-element elementor-element-ab0fe17 elementor-widget elementor-widget-spacer\" data-id=\"ab0fe17\" data-element_type=\"widget\" data-e-type=\"widget\" data-widget_type=\"spacer.default\">\n\t\t\t\t\t\t\t<div class=\"elementor-spacer\">\n\t\t\t<div class=\"elementor-spacer-inner\"><\/div>\n\t\t<\/div>\n\t\t\t\t\t\t<\/div>\n\t\t\t\t<div class=\"elementor-element elementor-element-c1d06e7 animated-slow elementor-invisible elementor-widget elementor-widget-houzez_elementor_property-card-v1\" data-id=\"c1d06e7\" data-element_type=\"widget\" data-e-type=\"widget\" data-settings=\"{&quot;_animation&quot;:&quot;fadeInUp&quot;}\" data-widget_type=\"houzez_elementor_property-card-v1.default\">\n\t\t\t\t<div class=\"elementor-widget-container\">\n\t\t\t\t\t    <div id=\"properties_module_section\" class=\"property-cards-module property-cards-module-v1 property-cards-module-col-3\">\n        <div id=\"module_properties\" class=\"listing-view grid-view row row-cols-1 row-cols-md-2 row-cols-lg-3 gy-4 gx-4\">\n            <div class=\"item-listing-wrap item-wrap-v1 hz-item-gallery-js hz-map-trigger\" data-hz-id=\"20931\" data-images=\"[{&quot;image&quot;:&quot;https:\\\/\\\/kaza-hogar.com\\\/wp-content\\\/uploads\\\/2025\\\/12\\\/61411-D-584x337.jpg&quot;,&quot;alt&quot;:&quot;&quot;,&quot;width&quot;:584,&quot;height&quot;:337,&quot;srcset&quot;:false,&quot;sizes&quot;:&quot;(max-width: 584px) 100vw, 584px&quot;},{&quot;image&quot;:&quot;https:\\\/\\\/kaza-hogar.com\\\/wp-content\\\/uploads\\\/2025\\\/12\\\/61411-D-584x337.jpg&quot;,&quot;alt&quot;:&quot;&quot;,&quot;width&quot;:584,&quot;height&quot;:337,&quot;srcset&quot;:false,&quot;sizes&quot;:&quot;(max-width: 584px) 100vw, 584px&quot;},{&quot;image&quot;:&quot;https:\\\/\\\/kaza-hogar.com\\\/wp-content\\\/uploads\\\/2025\\\/12\\\/61411-A-584x337.jpg&quot;,&quot;alt&quot;:&quot;&quot;,&quot;width&quot;:584,&quot;height&quot;:337,&quot;srcset&quot;:false,&quot;sizes&quot;:&quot;(max-width: 584px) 100vw, 584px&quot;},{&quot;image&quot;:&quot;https:\\\/\\\/kaza-hogar.com\\\/wp-content\\\/uploads\\\/2025\\\/12\\\/61411-B-584x337.jpg&quot;,&quot;alt&quot;:&quot;&quot;,&quot;width&quot;:584,&quot;height&quot;:337,&quot;srcset&quot;:false,&quot;sizes&quot;:&quot;(max-width: 584px) 100vw, 584px&quot;},{&quot;image&quot;:&quot;https:\\\/\\\/kaza-hogar.com\\\/wp-content\\\/uploads\\\/2025\\\/12\\\/61411-C-584x337.jpg&quot;,&quot;alt&quot;:&quot;&quot;,&quot;width&quot;:584,&quot;height&quot;:337,&quot;srcset&quot;:false,&quot;sizes&quot;:&quot;(max-width: 584px) 100vw, 584px&quot;},{&quot;image&quot;:&quot;https:\\\/\\\/kaza-hogar.com\\\/wp-content\\\/uploads\\\/2025\\\/12\\\/61411-E-584x337.jpg&quot;,&quot;alt&quot;:&quot;&quot;,&quot;width&quot;:584,&quot;height&quot;:337,&quot;srcset&quot;:false,&quot;sizes&quot;:&quot;(max-width: 584px) 100vw, 584px&quot;}]\">\n\t<div class=\"item-wrap item-wrap-no-frame h-100\">\n\t\t<div class=\"d-flex flex-column align-items-center h-100\">\n\t\t\t<div class=\"item-header\">\n\t\t\t\t\t\t\t\t<div class=\"labels-wrap d-flex align-items-center gap-1\" role=\"group\"> \n\n\t<a href=\"https:\/\/kaza-hogar.com\/de\/status\/zu-verkaufen\/\" class=\"label-status label status-color-151\">\n\t\t\t\t\tZu verkaufen\n\t\t\t\t<\/a>       \n\n<\/div>\n\t\t\t\t<ul class=\"item-price-wrap d-flex flex-column gap-2\" role=\"list\">\n\t<li class=\"item-price\"><span class=\"price\">\u20ac1,056,000<\/span><span class=\"price-postfix\"><\/span><\/li><\/ul>\t\t\t\t<ul class=\"item-tools d-flex align-items-center justify-content-center gap-1\">\n        <li class=\"item-tool item-preview\">\n        <span class=\"hz-show-lightbox-js item-tool-preview text-center\" data-listid=\"20931\">\n            <span data-bs-toggle=\"tooltip\" data-bs-placement=\"top\" title=\"Preview\">\n                <i class=\"houzez-icon icon-expand-3\"><\/i>   \n            <\/span>\n        <\/span><!-- item-tool-favorite -->\n    <\/li><!-- item-tool -->\n        \n        <li class=\"item-tool item-favorite\">\n        <span class=\"add-favorite-js item-tool-favorite text-center\" data-bs-toggle=\"tooltip\" data-bs-placement=\"top\" title=\"Favourite\" data-listid=\"20931\">\n            <i class=\"houzez-icon icon-love-it \"><\/i>\n        <\/span><!-- item-tool-favorite -->\n    <\/li><!-- item-tool -->\n    \n        <li class=\"item-tool item-compare\">\n        <span class=\"houzez_compare compare-20931 item-tool-compare text-center\" data-bs-toggle=\"tooltip\" data-bs-placement=\"top\" title=\"Add to Compare\" data-listing_id=\"20931\" data-listing_image=\"https:\/\/kaza-hogar.com\/wp-content\/uploads\/2025\/12\/61411-D-584x337.jpg\">\n            <i class=\"houzez-icon icon-add-circle\"><\/i>\n            <!-- <i class=\"houzez-icon icon-subtract-circle\"><\/i> -->\n        <\/span><!-- item-tool-compare -->\n    <\/li><!-- item-tool -->\n    <\/ul><!-- item-tools -->\n\t\t\t\t<div class=\"listing-image-wrap\">\n\t<div class=\"listing-thumb\">\n\t\t<a target=\"_self\" href=\"https:\/\/kaza-hogar.com\/de\/property\/baugrundstueck-fuer-wohnprojekt-in-morro-jable\/\" class=\"listing-featured-thumb hover-effect image-wrap\" role=\"link\">\n\t\t\t<img decoding=\"async\" width=\"584\" height=\"337\" src=\"https:\/\/kaza-hogar.com\/wp-content\/uploads\/2025\/12\/61411-D-584x337.jpg\" class=\"img-fluid wp-post-image\" alt=\"\" \/>\t\t<\/a><!-- hover-effect -->\n\t<\/div>\n<\/div>\t\t\t\t<div class=\"preview_loader\"><\/div>\n\t\t\t<\/div>\n\t\t\t<div class=\"item-body w-100 flex-grow-1\">\n\t\t\t\t<h2 class=\"item-title mb-2 \">\n\t<a target=\"_self\" href=\"https:\/\/kaza-hogar.com\/de\/property\/baugrundstueck-fuer-wohnprojekt-in-morro-jable\/\" role=\"link\">Baugrundst\u00fcck f\u00fcr Wohnprojekt in Morro Jable<\/a>\n<\/h2><!-- item-title -->\t\t\t\t<address class=\"item-address mb-2\"><i class=\"houzez-icon icon-pin me-1\" aria-hidden=\"true\"><\/i><span>Morro Jable, P\u00e1jara, Las Palmas, Canarias, 35625, Espa\u00f1a<\/span><\/address>\t\t\t\t\t\t\t\t<ul class=\"item-amenities d-flex flex-wrap align-items-center gap-2 mb-2 item-amenities-with-icons\" role=\"list\">\n\t<li class=\"h-type d-flex w-100\" role=\"listitem\"><span>Grundst\u00fcck<\/span><\/li><\/ul>\t\t\t\t<a class=\"btn btn-primary btn-item d-md-none d-xl-flex item-no-footer\" target=\"_self\" href=\"https:\/\/kaza-hogar.com\/de\/property\/baugrundstueck-fuer-wohnprojekt-in-morro-jable\/\">\n\tDetails<\/a><!-- btn-item -->\n\t\t\t<\/div>\n\t\t\t\t\t<\/div>\n\t<\/div>\n<\/div>        <\/div><!-- listing-view -->\n\n            <\/div><!-- property-grid-module -->\n    \t\t\t\t<\/div>\n\t\t\t\t<\/div>\n\t\t\t\t\t<\/div>\n\t\t\t\t<\/div>\n\t\t\t\t<\/div>\n\t\t","protected":false},"excerpt":{"rendered":"<p>Morro Jable Morro Jable ist das wichtigste Touristenzentrum im S\u00fcden von Fuerteventura und eines der bekanntesten Reiseziele der Insel. Es liegt in der Gemeinde P\u00e1jara und erstreckt sich entlang einer atemberaubenden K\u00fcstenlinie mit t\u00fcrkisfarbenem Wasser und endlosen goldenen Sandstr\u00e4nden. Was Morro Jable so besonders macht, ist die perfekte Balance zwischen dem Charme des alten Fischerdorfes [&hellip;]<\/p>\n","protected":false},"author":1,"featured_media":0,"parent":0,"menu_order":0,"comment_status":"closed","ping_status":"closed","template":"template\/template-homepage.php","meta":{"_monsterinsights_skip_tracking":false,"_monsterinsights_sitenote_active":false,"_monsterinsights_sitenote_note":"","_monsterinsights_sitenote_category":0,"footnotes":""},"class_list":["post-19006","page","type-page","status-publish","hentry"],"aioseo_notices":[],"_links":{"self":[{"href":"https:\/\/kaza-hogar.com\/de\/wp-json\/wp\/v2\/pages\/19006","targetHints":{"allow":["GET"]}}],"collection":[{"href":"https:\/\/kaza-hogar.com\/de\/wp-json\/wp\/v2\/pages"}],"about":[{"href":"https:\/\/kaza-hogar.com\/de\/wp-json\/wp\/v2\/types\/page"}],"author":[{"embeddable":true,"href":"https:\/\/kaza-hogar.com\/de\/wp-json\/wp\/v2\/users\/1"}],"replies":[{"embeddable":true,"href":"https:\/\/kaza-hogar.com\/de\/wp-json\/wp\/v2\/comments?post=19006"}],"version-history":[{"count":1,"href":"https:\/\/kaza-hogar.com\/de\/wp-json\/wp\/v2\/pages\/19006\/revisions"}],"predecessor-version":[{"id":19007,"href":"https:\/\/kaza-hogar.com\/de\/wp-json\/wp\/v2\/pages\/19006\/revisions\/19007"}],"wp:attachment":[{"href":"https:\/\/kaza-hogar.com\/de\/wp-json\/wp\/v2\/media?parent=19006"}],"curies":[{"name":"wp","href":"https:\/\/api.w.org\/{rel}","templated":true}]}}