{"id":18982,"date":"2025-11-19T07:24:05","date_gmt":"2025-11-19T07:24:05","guid":{"rendered":"https:\/\/kaza-hogar.com\/lanzarote\/"},"modified":"2025-12-03T08:35:46","modified_gmt":"2025-12-03T08:35:46","slug":"lanzarote","status":"publish","type":"page","link":"https:\/\/kaza-hogar.com\/de\/lanzarote\/","title":{"rendered":"Lanzarote"},"content":{"rendered":"\t\t<div data-elementor-type=\"wp-page\" data-elementor-id=\"18982\" class=\"elementor elementor-18982 elementor-18246\">\n\t\t\t\t\t\t<section class=\"elementor-section elementor-top-section elementor-element elementor-element-2b66205 elementor-section-height-min-height animated-slow elementor-section-boxed elementor-section-height-default elementor-section-items-middle elementor-invisible\" data-id=\"2b66205\" data-element_type=\"section\" data-e-type=\"section\" data-settings=\"{&quot;background_background&quot;:&quot;classic&quot;,&quot;animation&quot;:&quot;fadeIn&quot;,&quot;shape_divider_bottom&quot;:&quot;opacity-tilt&quot;}\">\n\t\t\t\t\t\t\t<div class=\"elementor-background-overlay\"><\/div>\n\t\t\t\t\t\t<div class=\"elementor-shape elementor-shape-bottom\" aria-hidden=\"true\" data-negative=\"false\">\n\t\t\t<svg xmlns=\"http:\/\/www.w3.org\/2000\/svg\" viewBox=\"0 0 2600 131.1\" preserveAspectRatio=\"none\">\n\t<path class=\"elementor-shape-fill\" d=\"M0 0L2600 0 2600 69.1 0 0z\"\/>\n\t<path class=\"elementor-shape-fill\" style=\"opacity:0.5\" d=\"M0 0L2600 0 2600 69.1 0 69.1z\"\/>\n\t<path class=\"elementor-shape-fill\" style=\"opacity:0.25\" d=\"M2600 0L0 0 0 130.1 2600 69.1z\"\/>\n<\/svg>\t\t<\/div>\n\t\t\t\t\t<div class=\"elementor-container elementor-column-gap-default\">\n\t\t\t\t\t<div class=\"elementor-column elementor-col-100 elementor-top-column elementor-element elementor-element-6af214b elementor-invisible\" data-id=\"6af214b\" data-element_type=\"column\" data-e-type=\"column\" data-settings=\"{&quot;animation&quot;:&quot;fadeInLeft&quot;}\">\n\t\t\t<div class=\"elementor-widget-wrap elementor-element-populated\">\n\t\t\t\t\t\t<div class=\"elementor-element elementor-element-ec9aebf elementor-widget elementor-widget-heading\" data-id=\"ec9aebf\" data-element_type=\"widget\" data-e-type=\"widget\" data-widget_type=\"heading.default\">\n\t\t\t\t\t<h1 class=\"elementor-heading-title elementor-size-default\">Lanzarote<\/h1>\t\t\t\t<\/div>\n\t\t\t\t\t<\/div>\n\t\t<\/div>\n\t\t\t\t\t<\/div>\n\t\t<\/section>\n\t\t<div class=\"elementor-element elementor-element-ba665ca e-flex e-con-boxed e-con e-parent\" data-id=\"ba665ca\" data-element_type=\"container\" data-e-type=\"container\">\n\t\t\t\t\t<div class=\"e-con-inner\">\n\t\t<div class=\"elementor-element elementor-element-4db5e42 e-con-full e-flex e-con e-child\" data-id=\"4db5e42\" data-element_type=\"container\" data-e-type=\"container\">\n\t\t\t\t<div class=\"elementor-element elementor-element-d03725e animated-slow elementor-invisible elementor-widget elementor-widget-text-editor\" data-id=\"d03725e\" data-element_type=\"widget\" data-e-type=\"widget\" data-settings=\"{&quot;_animation&quot;:&quot;fadeInLeft&quot;}\" data-widget_type=\"text-editor.default\">\n\t\t\t\t\t\t\t\t\t<p>Lanzarote, die \u00f6stlichste Insel des Kanarischen Archipels, ist ein wahres Naturjuwel und ein UNESCO-Biosph\u00e4renreservat. Ihre Landschaft, geformt von den Kr\u00e4ften des Feuers und des Windes, verbindet die rohe Sch\u00f6nheit der Vulkane mit dem tiefen Blau des Atlantiks und schafft so eine einzigartige Harmonie zwischen Natur und Kunst.<\/p><p>Die Insel ist eng mit dem Erbe des K\u00fcnstlers C\u00e9sar Manrique verbunden, der Architektur und Kunst meisterhaft in die vulkanische Umgebung integriert hat. Dank seiner Vision zeichnet sich Lanzarote durch ein perfektes Gleichgewicht zwischen Entwicklung und Respekt vor der Natur aus \u2013 ein Gleichgewicht, das sich in ikonischen St\u00e4tten wie Jameos del Agua, Cueva de los Verdes, Mirador del R\u00edo und dem Kakteengarten widerspiegelt.<\/p><p>Der Timanfaya-Nationalpark mit seinen \u201eFeuerbergen\u201c ist zweifellos eine der spektakul\u00e4rsten Landschaften des Archipels \u2013 eine Mondlandschaft, die die rohe Kraft der Natur zur Schau stellt.<\/p><p>Lanzarote bietet auch eine gro\u00dfe Vielfalt an Str\u00e4nden \u2013 von den ruhigen Buchten von Papagayo bis zum goldenen Sand von Famara \u2013 ideal zum Entspannen oder f\u00fcr Wassersportarten wie Surfen, Windsurfen und Tauchen.<\/p><p>Ihre ausgezeichnete Gastronomie, die auf lokalen Produkten wie frischem Fisch, Ziegenk\u00e4se und den vulkanischen Weinen von La Geria basiert, macht Lanzarote in Kombination mit dem ganzj\u00e4hrig milden Klima zum perfekten Ziel f\u00fcr alle, die Sch\u00f6nheit, Authentizit\u00e4t und Wohlbefinden suchen.<\/p><p>Es ist eine Insel, die alle Sinne fesselt \u2013 wo jede Ecke eine Geschichte erz\u00e4hlt und sich jeder Sonnenuntergang wie ein Kunstwerk anf\u00fchlt.<\/p>\t\t\t\t\t\t\t\t<\/div>\n\t\t\t\t<\/div>\n\t\t<div class=\"elementor-element elementor-element-4b5b1a1 e-con-full e-flex e-con e-child\" data-id=\"4b5b1a1\" data-element_type=\"container\" data-e-type=\"container\">\n\t\t\t\t<div class=\"elementor-element elementor-element-d61b02e animated-slow elementor-invisible elementor-widget elementor-widget-image\" data-id=\"d61b02e\" data-element_type=\"widget\" data-e-type=\"widget\" data-settings=\"{&quot;_animation&quot;:&quot;fadeInUp&quot;}\" data-widget_type=\"image.default\">\n\t\t\t\t\t\t\t\t\t\t\t\t\t\t\t<img fetchpriority=\"high\" decoding=\"async\" width=\"750\" height=\"1000\" src=\"https:\/\/kaza-hogar.com\/wp-content\/uploads\/2025\/12\/michael-lammli-13GxzomMb80-unsplash-1.jpg\" class=\"attachment-full size-full wp-image-20286\" alt=\"\" srcset=\"\" \/>\t\t\t\t\t\t\t\t\t\t\t\t\t\t\t<\/div>\n\t\t\t\t<div class=\"elementor-element elementor-element-1842837 elementor-widget elementor-widget-houzez_elementor_space\" data-id=\"1842837\" data-element_type=\"widget\" data-e-type=\"widget\" data-widget_type=\"houzez_elementor_space.default\">\n\t\t\t\t<div class=\"elementor-widget-container\">\n\t\t\t\t\t        <div class=\"houzez-spacer\">\n            <div class=\"houzez-spacer-inner\"><\/div>\n        <\/div>\n        \t\t\t\t<\/div>\n\t\t\t\t<\/div>\n\t\t\t\t<\/div>\n\t\t\t\t\t<\/div>\n\t\t\t\t<\/div>\n\t\t<div class=\"elementor-element elementor-element-81ad2d6 e-flex e-con-boxed e-con e-parent\" data-id=\"81ad2d6\" data-element_type=\"container\" data-e-type=\"container\">\n\t\t\t\t\t<div class=\"e-con-inner\">\n\t\t<div class=\"elementor-element elementor-element-9f40fe5 e-con-full e-flex e-con e-child\" data-id=\"9f40fe5\" data-element_type=\"container\" data-e-type=\"container\">\n\t\t\t\t<div class=\"elementor-element elementor-element-15b6874 elementor-invisible elementor-widget elementor-widget-image\" data-id=\"15b6874\" data-element_type=\"widget\" data-e-type=\"widget\" data-settings=\"{&quot;_animation&quot;:&quot;fadeInLeft&quot;}\" data-widget_type=\"image.default\">\n\t\t\t\t\t\t\t\t\t\t\t\t\t\t\t<img decoding=\"async\" width=\"683\" height=\"1024\" src=\"https:\/\/kaza-hogar.com\/wp-content\/uploads\/2025\/11\/elisadventure-SPllZGOmFJA-unsplash.jpg\" class=\"attachment-large size-large wp-image-18977\" alt=\"\" srcset=\"\" \/>\t\t\t\t\t\t\t\t\t\t\t\t\t\t\t<\/div>\n\t\t\t\t<\/div>\n\t\t<div class=\"elementor-element elementor-element-6a45dac e-con-full e-flex e-con e-child\" data-id=\"6a45dac\" data-element_type=\"container\" data-e-type=\"container\">\n\t\t<div class=\"elementor-element elementor-element-d335876 e-con-full e-flex e-con e-child\" data-id=\"d335876\" data-element_type=\"container\" data-e-type=\"container\">\n\t\t\t\t<div class=\"elementor-element elementor-element-36e6561 elementor-invisible elementor-widget elementor-widget-image\" data-id=\"36e6561\" data-element_type=\"widget\" data-e-type=\"widget\" data-settings=\"{&quot;_animation&quot;:&quot;fadeInRight&quot;,&quot;_animation_delay&quot;:500}\" data-widget_type=\"image.default\">\n\t\t\t\t\t\t\t\t\t\t\t\t\t\t\t<img decoding=\"async\" width=\"1000\" height=\"750\" src=\"https:\/\/kaza-hogar.com\/wp-content\/uploads\/2025\/11\/lothar-boris-piltz-vHTUYJxGRkE-unsplash.jpg\" class=\"attachment-large size-large wp-image-18978\" alt=\"\" srcset=\"https:\/\/kaza-hogar.com\/wp-content\/uploads\/2025\/11\/lothar-boris-piltz-vHTUYJxGRkE-unsplash.jpg 1000w, https:\/\/kaza-hogar.com\/wp-content\/uploads\/2025\/11\/lothar-boris-piltz-vHTUYJxGRkE-unsplash-584x438.jpg 584w\" sizes=\"(max-width: 1000px) 100vw, 1000px\" \/>\t\t\t\t\t\t\t\t\t\t\t\t\t\t\t<\/div>\n\t\t\t\t<\/div>\n\t\t<div class=\"elementor-element elementor-element-c65ceb9 e-con-full e-flex e-con e-child\" data-id=\"c65ceb9\" data-element_type=\"container\" data-e-type=\"container\">\n\t\t\t\t<div class=\"elementor-element elementor-element-cded37f elementor-invisible elementor-widget elementor-widget-image\" data-id=\"cded37f\" data-element_type=\"widget\" data-e-type=\"widget\" data-settings=\"{&quot;_animation&quot;:&quot;fadeInUp&quot;}\" data-widget_type=\"image.default\">\n\t\t\t\t\t\t\t\t\t\t\t\t\t\t\t<img loading=\"lazy\" decoding=\"async\" width=\"1000\" height=\"750\" src=\"https:\/\/kaza-hogar.com\/wp-content\/uploads\/2025\/11\/jordi-vich-navarro-x7VpgCSOacw-unsplash.jpg\" class=\"attachment-large size-large wp-image-18979\" alt=\"\" srcset=\"https:\/\/kaza-hogar.com\/wp-content\/uploads\/2025\/11\/jordi-vich-navarro-x7VpgCSOacw-unsplash.jpg 1000w, https:\/\/kaza-hogar.com\/wp-content\/uploads\/2025\/11\/jordi-vich-navarro-x7VpgCSOacw-unsplash-584x438.jpg 584w\" sizes=\"(max-width: 1000px) 100vw, 1000px\" \/>\t\t\t\t\t\t\t\t\t\t\t\t\t\t\t<\/div>\n\t\t\t\t<\/div>\n\t\t\t\t<\/div>\n\t\t\t\t\t<\/div>\n\t\t\t\t<\/div>\n\t\t<div class=\"elementor-element elementor-element-c42d422 e-flex e-con-boxed e-con e-parent\" data-id=\"c42d422\" data-element_type=\"container\" data-e-type=\"container\">\n\t\t\t\t\t<div class=\"e-con-inner\">\n\t\t<div class=\"elementor-element elementor-element-4cda74e e-con-full e-flex e-con e-child\" data-id=\"4cda74e\" data-element_type=\"container\" data-e-type=\"container\">\n\t\t\t\t<div class=\"elementor-element elementor-element-687d9bc elementor-invisible elementor-widget elementor-widget-image\" data-id=\"687d9bc\" data-element_type=\"widget\" data-e-type=\"widget\" data-settings=\"{&quot;_animation&quot;:&quot;fadeInLeft&quot;}\" data-widget_type=\"image.default\">\n\t\t\t\t\t\t\t\t\t\t\t\t\t\t\t<img loading=\"lazy\" decoding=\"async\" width=\"1024\" height=\"683\" src=\"https:\/\/kaza-hogar.com\/wp-content\/uploads\/2025\/11\/ionut-dobre-jEkgqhl8tKE-unsplash.jpg\" class=\"attachment-large size-large wp-image-18980\" alt=\"\" srcset=\"\" \/>\t\t\t\t\t\t\t\t\t\t\t\t\t\t\t<\/div>\n\t\t\t\t<\/div>\n\t\t<div class=\"elementor-element elementor-element-2940e01 e-con-full e-flex e-con e-child\" data-id=\"2940e01\" data-element_type=\"container\" data-e-type=\"container\">\n\t\t<div class=\"elementor-element elementor-element-2f2960d e-con-full e-flex e-con e-child\" data-id=\"2f2960d\" data-element_type=\"container\" data-e-type=\"container\">\n\t\t\t\t<div class=\"elementor-element elementor-element-9ea5773 elementor-invisible elementor-widget elementor-widget-image\" data-id=\"9ea5773\" data-element_type=\"widget\" data-e-type=\"widget\" data-settings=\"{&quot;_animation&quot;:&quot;fadeInRight&quot;,&quot;_animation_delay&quot;:500}\" data-widget_type=\"image.default\">\n\t\t\t\t\t\t\t\t\t\t\t\t\t\t\t<img loading=\"lazy\" decoding=\"async\" width=\"1024\" height=\"683\" src=\"https:\/\/kaza-hogar.com\/wp-content\/uploads\/2025\/11\/antonio-prado-KGKLETHWDsk-unsplash.jpg\" class=\"attachment-large size-large wp-image-18981\" alt=\"\" srcset=\"\" \/>\t\t\t\t\t\t\t\t\t\t\t\t\t\t\t<\/div>\n\t\t\t\t<\/div>\n\t\t\t\t<\/div>\n\t\t\t\t\t<\/div>\n\t\t\t\t<\/div>\n\t\t<div class=\"elementor-element elementor-element-b563dca e-flex e-con-boxed e-con e-parent\" data-id=\"b563dca\" data-element_type=\"container\" data-e-type=\"container\">\n\t\t\t\t\t<div class=\"e-con-inner\">\n\t\t\t\t<div class=\"elementor-element elementor-element-439c9db elementor-widget elementor-widget-spacer\" data-id=\"439c9db\" data-element_type=\"widget\" data-e-type=\"widget\" data-widget_type=\"spacer.default\">\n\t\t\t\t\t\t\t<div class=\"elementor-spacer\">\n\t\t\t<div class=\"elementor-spacer-inner\"><\/div>\n\t\t<\/div>\n\t\t\t\t\t\t<\/div>\n\t\t\t\t<div class=\"elementor-element elementor-element-c77436e animated-slow elementor-invisible elementor-widget elementor-widget-heading\" data-id=\"c77436e\" data-element_type=\"widget\" data-e-type=\"widget\" data-settings=\"{&quot;_animation&quot;:&quot;fadeInLeft&quot;}\" data-widget_type=\"heading.default\">\n\t\t\t\t\t<h4 class=\"elementor-heading-title elementor-size-default\">Sehen Sie sich unsere Immobilien in Lanzarote an ...<\/h4>\t\t\t\t<\/div>\n\t\t\t\t<div class=\"elementor-element elementor-element-bc9cca7 elementor-widget elementor-widget-spacer\" data-id=\"bc9cca7\" data-element_type=\"widget\" data-e-type=\"widget\" data-widget_type=\"spacer.default\">\n\t\t\t\t\t\t\t<div class=\"elementor-spacer\">\n\t\t\t<div class=\"elementor-spacer-inner\"><\/div>\n\t\t<\/div>\n\t\t\t\t\t\t<\/div>\n\t\t\t\t<div class=\"elementor-element elementor-element-8185b5f animated-slow elementor-invisible elementor-widget elementor-widget-houzez_elementor_property-card-v1\" data-id=\"8185b5f\" data-element_type=\"widget\" data-e-type=\"widget\" data-settings=\"{&quot;_animation&quot;:&quot;fadeInUp&quot;}\" data-widget_type=\"houzez_elementor_property-card-v1.default\">\n\t\t\t\t<div class=\"elementor-widget-container\">\n\t\t\t\t\t    <div id=\"properties_module_section\" class=\"property-cards-module property-cards-module-v1 property-cards-module-col-3\">\n        <div id=\"module_properties\" class=\"listing-view grid-view row row-cols-1 row-cols-md-2 row-cols-lg-3 gy-4 gx-4\">\n            <div class=\"item-listing-wrap item-wrap-v1 hz-item-gallery-js hz-map-trigger\" data-hz-id=\"19381\" data-images=\"[{&quot;image&quot;:&quot;https:\\\/\\\/kaza-hogar.com\\\/wp-content\\\/uploads\\\/2025\\\/11\\\/pd25uh66iai_Foto-24-10-25-11-37-59-584x438.webp&quot;,&quot;alt&quot;:&quot;&quot;,&quot;width&quot;:584,&quot;height&quot;:438,&quot;srcset&quot;:&quot;https:\\\/\\\/kaza-hogar.com\\\/wp-content\\\/uploads\\\/2025\\\/11\\\/pd25uh66iai_Foto-24-10-25-11-37-59-584x438.webp 584w, https:\\\/\\\/kaza-hogar.com\\\/wp-content\\\/uploads\\\/2025\\\/11\\\/pd25uh66iai_Foto-24-10-25-11-37-59.webp 960w&quot;,&quot;sizes&quot;:&quot;(max-width: 584px) 100vw, 584px&quot;},{&quot;image&quot;:&quot;https:\\\/\\\/kaza-hogar.com\\\/wp-content\\\/uploads\\\/2025\\\/11\\\/pd25uh66iai_Foto-24-10-25-11-37-59-584x438.webp&quot;,&quot;alt&quot;:&quot;&quot;,&quot;width&quot;:584,&quot;height&quot;:438,&quot;srcset&quot;:&quot;https:\\\/\\\/kaza-hogar.com\\\/wp-content\\\/uploads\\\/2025\\\/11\\\/pd25uh66iai_Foto-24-10-25-11-37-59-584x438.webp 584w, https:\\\/\\\/kaza-hogar.com\\\/wp-content\\\/uploads\\\/2025\\\/11\\\/pd25uh66iai_Foto-24-10-25-11-37-59.webp 960w&quot;,&quot;sizes&quot;:&quot;(max-width: 584px) 100vw, 584px&quot;},{&quot;image&quot;:&quot;https:\\\/\\\/kaza-hogar.com\\\/wp-content\\\/uploads\\\/2025\\\/11\\\/z6alfvdygh_Foto-24-10-25-11-24-48-584x438.webp&quot;,&quot;alt&quot;:&quot;&quot;,&quot;width&quot;:584,&quot;height&quot;:438,&quot;srcset&quot;:&quot;https:\\\/\\\/kaza-hogar.com\\\/wp-content\\\/uploads\\\/2025\\\/11\\\/z6alfvdygh_Foto-24-10-25-11-24-48-584x438.webp 584w, https:\\\/\\\/kaza-hogar.com\\\/wp-content\\\/uploads\\\/2025\\\/11\\\/z6alfvdygh_Foto-24-10-25-11-24-48.webp 960w&quot;,&quot;sizes&quot;:&quot;(max-width: 584px) 100vw, 584px&quot;},{&quot;image&quot;:&quot;https:\\\/\\\/kaza-hogar.com\\\/wp-content\\\/uploads\\\/2025\\\/11\\\/b260wseuib7_Foto-24-10-25-11-39-38-584x438.webp&quot;,&quot;alt&quot;:&quot;&quot;,&quot;width&quot;:584,&quot;height&quot;:438,&quot;srcset&quot;:&quot;https:\\\/\\\/kaza-hogar.com\\\/wp-content\\\/uploads\\\/2025\\\/11\\\/b260wseuib7_Foto-24-10-25-11-39-38-584x438.webp 584w, https:\\\/\\\/kaza-hogar.com\\\/wp-content\\\/uploads\\\/2025\\\/11\\\/b260wseuib7_Foto-24-10-25-11-39-38.webp 960w&quot;,&quot;sizes&quot;:&quot;(max-width: 584px) 100vw, 584px&quot;},{&quot;image&quot;:&quot;https:\\\/\\\/kaza-hogar.com\\\/wp-content\\\/uploads\\\/2025\\\/11\\\/nu5xf7ve2jf_Foto-24-10-25-11-42-23-584x438.webp&quot;,&quot;alt&quot;:&quot;&quot;,&quot;width&quot;:584,&quot;height&quot;:438,&quot;srcset&quot;:&quot;https:\\\/\\\/kaza-hogar.com\\\/wp-content\\\/uploads\\\/2025\\\/11\\\/nu5xf7ve2jf_Foto-24-10-25-11-42-23-584x438.webp 584w, https:\\\/\\\/kaza-hogar.com\\\/wp-content\\\/uploads\\\/2025\\\/11\\\/nu5xf7ve2jf_Foto-24-10-25-11-42-23.webp 960w&quot;,&quot;sizes&quot;:&quot;(max-width: 584px) 100vw, 584px&quot;},{&quot;image&quot;:&quot;https:\\\/\\\/kaza-hogar.com\\\/wp-content\\\/uploads\\\/2025\\\/11\\\/j0m163gnu9_Foto-24-10-25-11-39-03-584x438.webp&quot;,&quot;alt&quot;:&quot;&quot;,&quot;width&quot;:584,&quot;height&quot;:438,&quot;srcset&quot;:&quot;https:\\\/\\\/kaza-hogar.com\\\/wp-content\\\/uploads\\\/2025\\\/11\\\/j0m163gnu9_Foto-24-10-25-11-39-03-584x438.webp 584w, https:\\\/\\\/kaza-hogar.com\\\/wp-content\\\/uploads\\\/2025\\\/11\\\/j0m163gnu9_Foto-24-10-25-11-39-03.webp 960w&quot;,&quot;sizes&quot;:&quot;(max-width: 584px) 100vw, 584px&quot;},{&quot;image&quot;:&quot;https:\\\/\\\/kaza-hogar.com\\\/wp-content\\\/uploads\\\/2025\\\/11\\\/8ixls90ly7l_Foto-24-10-25-11-40-23-584x438.webp&quot;,&quot;alt&quot;:&quot;&quot;,&quot;width&quot;:584,&quot;height&quot;:438,&quot;srcset&quot;:&quot;https:\\\/\\\/kaza-hogar.com\\\/wp-content\\\/uploads\\\/2025\\\/11\\\/8ixls90ly7l_Foto-24-10-25-11-40-23-584x438.webp 584w, https:\\\/\\\/kaza-hogar.com\\\/wp-content\\\/uploads\\\/2025\\\/11\\\/8ixls90ly7l_Foto-24-10-25-11-40-23.webp 960w&quot;,&quot;sizes&quot;:&quot;(max-width: 584px) 100vw, 584px&quot;},{&quot;image&quot;:&quot;https:\\\/\\\/kaza-hogar.com\\\/wp-content\\\/uploads\\\/2025\\\/11\\\/woqdwnrf3g_Foto-24-10-25-11-40-00-584x438.webp&quot;,&quot;alt&quot;:&quot;&quot;,&quot;width&quot;:584,&quot;height&quot;:438,&quot;srcset&quot;:&quot;https:\\\/\\\/kaza-hogar.com\\\/wp-content\\\/uploads\\\/2025\\\/11\\\/woqdwnrf3g_Foto-24-10-25-11-40-00-584x438.webp 584w, https:\\\/\\\/kaza-hogar.com\\\/wp-content\\\/uploads\\\/2025\\\/11\\\/woqdwnrf3g_Foto-24-10-25-11-40-00.webp 960w&quot;,&quot;sizes&quot;:&quot;(max-width: 584px) 100vw, 584px&quot;},{&quot;image&quot;:&quot;https:\\\/\\\/kaza-hogar.com\\\/wp-content\\\/uploads\\\/2025\\\/11\\\/hkk4gf480kv_Foto-24-10-25-11-40-18-584x438.webp&quot;,&quot;alt&quot;:&quot;&quot;,&quot;width&quot;:584,&quot;height&quot;:438,&quot;srcset&quot;:&quot;https:\\\/\\\/kaza-hogar.com\\\/wp-content\\\/uploads\\\/2025\\\/11\\\/hkk4gf480kv_Foto-24-10-25-11-40-18-584x438.webp 584w, https:\\\/\\\/kaza-hogar.com\\\/wp-content\\\/uploads\\\/2025\\\/11\\\/hkk4gf480kv_Foto-24-10-25-11-40-18.webp 960w&quot;,&quot;sizes&quot;:&quot;(max-width: 584px) 100vw, 584px&quot;},{&quot;image&quot;:&quot;https:\\\/\\\/kaza-hogar.com\\\/wp-content\\\/uploads\\\/2025\\\/11\\\/p2yrb92cxvj_Foto-24-10-25-11-42-47-584x438.webp&quot;,&quot;alt&quot;:&quot;&quot;,&quot;width&quot;:584,&quot;height&quot;:438,&quot;srcset&quot;:&quot;https:\\\/\\\/kaza-hogar.com\\\/wp-content\\\/uploads\\\/2025\\\/11\\\/p2yrb92cxvj_Foto-24-10-25-11-42-47-584x438.webp 584w, https:\\\/\\\/kaza-hogar.com\\\/wp-content\\\/uploads\\\/2025\\\/11\\\/p2yrb92cxvj_Foto-24-10-25-11-42-47.webp 960w&quot;,&quot;sizes&quot;:&quot;(max-width: 584px) 100vw, 584px&quot;}]\">\n\t<div class=\"item-wrap item-wrap-no-frame h-100\">\n\t\t<div class=\"d-flex flex-column align-items-center h-100\">\n\t\t\t<div class=\"item-header\">\n\t\t\t\t\t\t\t\t<div class=\"labels-wrap d-flex align-items-center gap-1\" role=\"group\"> \n\n\t<a href=\"https:\/\/kaza-hogar.com\/de\/status\/zu-verkaufen\/\" class=\"label-status label status-color-151\">\n\t\t\t\t\tZu verkaufen\n\t\t\t\t<\/a><a href=\"https:\/\/kaza-hogar.com\/de\/label\/heises-angebot\/\" class=\"hz-label label label-color-149\">\n\t\t\t\t\tHei\u00dfes Angebot\n\t\t\t\t<\/a>       \n\n<\/div>\n\t\t\t\t<ul class=\"item-price-wrap d-flex flex-column gap-2\" role=\"list\">\n\t<li class=\"item-price\"><span class=\"price\">\u20ac690,000<\/span><span class=\"price-postfix\"><\/span><\/li><\/ul>\t\t\t\t<ul class=\"item-tools d-flex align-items-center justify-content-center gap-1\">\n        <li class=\"item-tool item-preview\">\n        <span class=\"hz-show-lightbox-js item-tool-preview text-center\" data-listid=\"19381\">\n            <span data-bs-toggle=\"tooltip\" data-bs-placement=\"top\" title=\"Preview\">\n                <i class=\"houzez-icon icon-expand-3\"><\/i>   \n            <\/span>\n        <\/span><!-- item-tool-favorite -->\n    <\/li><!-- item-tool -->\n        \n        <li class=\"item-tool item-favorite\">\n        <span class=\"add-favorite-js item-tool-favorite text-center\" data-bs-toggle=\"tooltip\" data-bs-placement=\"top\" title=\"Favourite\" data-listid=\"19381\">\n            <i class=\"houzez-icon icon-love-it \"><\/i>\n        <\/span><!-- item-tool-favorite -->\n    <\/li><!-- item-tool -->\n    \n        <li class=\"item-tool item-compare\">\n        <span class=\"houzez_compare compare-19381 item-tool-compare text-center\" data-bs-toggle=\"tooltip\" data-bs-placement=\"top\" title=\"Add to Compare\" data-listing_id=\"19381\" data-listing_image=\"https:\/\/kaza-hogar.com\/wp-content\/uploads\/2025\/11\/pd25uh66iai_Foto-24-10-25-11-37-59-584x438.webp\">\n            <i class=\"houzez-icon icon-add-circle\"><\/i>\n            <!-- <i class=\"houzez-icon icon-subtract-circle\"><\/i> -->\n        <\/span><!-- item-tool-compare -->\n    <\/li><!-- item-tool -->\n    <\/ul><!-- item-tools -->\n\t\t\t\t<div class=\"listing-image-wrap\">\n\t<div class=\"listing-thumb\">\n\t\t<a target=\"_self\" href=\"https:\/\/kaza-hogar.com\/de\/property\/villa-in-nazaret\/\" class=\"listing-featured-thumb hover-effect image-wrap\" role=\"link\">\n\t\t\t<img loading=\"lazy\" decoding=\"async\" width=\"584\" height=\"438\" src=\"https:\/\/kaza-hogar.com\/wp-content\/uploads\/2025\/11\/pd25uh66iai_Foto-24-10-25-11-37-59-584x438.webp\" class=\"img-fluid wp-post-image\" alt=\"\" srcset=\"https:\/\/kaza-hogar.com\/wp-content\/uploads\/2025\/11\/pd25uh66iai_Foto-24-10-25-11-37-59-584x438.webp 584w, https:\/\/kaza-hogar.com\/wp-content\/uploads\/2025\/11\/pd25uh66iai_Foto-24-10-25-11-37-59.webp 960w\" sizes=\"(max-width: 584px) 100vw, 584px\" \/>\t\t<\/a><!-- hover-effect -->\n\t<\/div>\n<\/div>\t\t\t\t<div class=\"preview_loader\"><\/div>\n\t\t\t<\/div>\n\t\t\t<div class=\"item-body w-100 flex-grow-1\">\n\t\t\t\t<h2 class=\"item-title mb-2 \">\n\t<a target=\"_self\" href=\"https:\/\/kaza-hogar.com\/de\/property\/villa-in-nazaret\/\" role=\"link\">Villa in Nazaret<\/a>\n<\/h2><!-- item-title -->\t\t\t\t<address class=\"item-address mb-2\"><i class=\"houzez-icon icon-pin me-1\" aria-hidden=\"true\"><\/i><span>Nazaret, Teguise, Las Palmas, Kanarische Inseln, 35530, Spanien<\/span><\/address>\t\t\t\t\t\t\t\t<ul class=\"item-amenities d-flex flex-wrap align-items-center gap-2 mb-2 item-amenities-with-icons\" role=\"list\">\n\t<li class=\"h-beds d-flex align-items-center me-1\"><i class=\"houzez-icon icon-hotel-double-bed-1 me-2\"><\/i><span class=\"item-amenities-text\">Beds:<\/span> <span class=\"hz-figure\">4<\/span><\/li><li class=\"h-baths d-flex align-items-center me-1\"><i class=\"houzez-icon icon-bathroom-shower-1 me-2\"><\/i><span class=\"item-amenities-text\">Baths:<\/span> <span class=\"hz-figure\">3<\/span><\/li><li class=\"h-cars d-flex align-items-center me-1\"><i class=\"houzez-icon icon-car-1 me-2\"><\/i><span class=\"item-amenities-text\">Garage:<\/span> <span class=\"hz-figure\">1<\/span><\/li><li class=\"h-area d-flex align-items-center me-1\"><i class=\"houzez-icon icon-ruler-triangle me-2\"><\/i><span class=\"hz-figure me-1\">173<\/span> <span class=\"hz-figure area_postfix\">m\u00b2<\/span><\/li><li class=\"h-type d-flex w-100\" role=\"listitem\"><span>Villa<\/span><\/li><\/ul>\t\t\t\t<a class=\"btn btn-primary btn-item d-md-none d-xl-flex item-no-footer\" target=\"_self\" href=\"https:\/\/kaza-hogar.com\/de\/property\/villa-in-nazaret\/\">\n\tDetails<\/a><!-- btn-item -->\n\t\t\t<\/div>\n\t\t\t\t\t<\/div>\n\t<\/div>\n<\/div>        <\/div><!-- listing-view -->\n\n            <\/div><!-- property-grid-module -->\n    \t\t\t\t<\/div>\n\t\t\t\t<\/div>\n\t\t\t\t\t<\/div>\n\t\t\t\t<\/div>\n\t\t\t\t<\/div>\n\t\t","protected":false},"excerpt":{"rendered":"<p>Lanzarote Lanzarote, die \u00f6stlichste Insel des Kanarischen Archipels, ist ein wahres Naturjuwel und ein UNESCO-Biosph\u00e4renreservat. Ihre Landschaft, geformt von den Kr\u00e4ften des Feuers und des Windes, verbindet die rohe Sch\u00f6nheit der Vulkane mit dem tiefen Blau des Atlantiks und schafft so eine einzigartige Harmonie zwischen Natur und Kunst. Die Insel ist eng mit dem Erbe [&hellip;]<\/p>\n","protected":false},"author":1,"featured_media":0,"parent":0,"menu_order":0,"comment_status":"closed","ping_status":"closed","template":"template\/template-homepage.php","meta":{"_monsterinsights_skip_tracking":false,"_monsterinsights_sitenote_active":false,"_monsterinsights_sitenote_note":"","_monsterinsights_sitenote_category":0,"footnotes":""},"class_list":["post-18982","page","type-page","status-publish","hentry"],"aioseo_notices":[],"_links":{"self":[{"href":"https:\/\/kaza-hogar.com\/de\/wp-json\/wp\/v2\/pages\/18982","targetHints":{"allow":["GET"]}}],"collection":[{"href":"https:\/\/kaza-hogar.com\/de\/wp-json\/wp\/v2\/pages"}],"about":[{"href":"https:\/\/kaza-hogar.com\/de\/wp-json\/wp\/v2\/types\/page"}],"author":[{"embeddable":true,"href":"https:\/\/kaza-hogar.com\/de\/wp-json\/wp\/v2\/users\/1"}],"replies":[{"embeddable":true,"href":"https:\/\/kaza-hogar.com\/de\/wp-json\/wp\/v2\/comments?post=18982"}],"version-history":[{"count":2,"href":"https:\/\/kaza-hogar.com\/de\/wp-json\/wp\/v2\/pages\/18982\/revisions"}],"predecessor-version":[{"id":20287,"href":"https:\/\/kaza-hogar.com\/de\/wp-json\/wp\/v2\/pages\/18982\/revisions\/20287"}],"wp:attachment":[{"href":"https:\/\/kaza-hogar.com\/de\/wp-json\/wp\/v2\/media?parent=18982"}],"curies":[{"name":"wp","href":"https:\/\/api.w.org\/{rel}","templated":true}]}}